{"id":22689,"date":"2020-09-28T11:24:21","date_gmt":"2020-09-28T18:24:21","guid":{"rendered":"https:\/\/enrollams.org\/aviso-de-garantias-procesales\/"},"modified":"2023-05-22T13:05:15","modified_gmt":"2023-05-22T20:05:15","slug":"aviso-de-garantias-procesales","status":"publish","type":"page","link":"https:\/\/enrollams.org\/es\/nuestra-historia\/aviso-de-garantias-procesales\/","title":{"rendered":"Aviso de garant\u00edas procesales"},"content":{"rendered":"\t\t<div data-elementor-type=\"wp-page\" data-elementor-id=\"22689\" class=\"elementor elementor-22689 elementor-18266\" data-elementor-post-type=\"page\">\n\t\t\t\t\t\t<section data-particle_enable=\"false\" data-particle-mobile-disabled=\"false\" class=\"elementor-section elementor-top-section elementor-element elementor-element-d7f64a2 elementor-section-boxed elementor-section-height-default elementor-section-height-default\" data-id=\"d7f64a2\" data-element_type=\"section\" data-e-type=\"section\">\n\t\t\t\t\t\t<div class=\"elementor-container elementor-column-gap-default\">\n\t\t\t\t\t<div class=\"elementor-column elementor-col-25 elementor-top-column elementor-element elementor-element-db4e271\" data-id=\"db4e271\" data-element_type=\"column\" data-e-type=\"column\">\n\t\t\t<div class=\"elementor-widget-wrap\">\n\t\t\t\t\t\t\t<\/div>\n\t\t<\/div>\n\t\t\t\t<div class=\"elementor-column elementor-col-50 elementor-top-column elementor-element elementor-element-d56bb7b\" data-id=\"d56bb7b\" data-element_type=\"column\" data-e-type=\"column\">\n\t\t\t<div class=\"elementor-widget-wrap elementor-element-populated\">\n\t\t\t\t\t\t<div class=\"elementor-element elementor-element-74c2fe0 elementor-widget elementor-widget-spacer\" data-id=\"74c2fe0\" data-element_type=\"widget\" data-e-type=\"widget\" data-widget_type=\"spacer.default\">\n\t\t\t\t<div class=\"elementor-widget-container\">\n\t\t\t\t\t\t\t<div class=\"elementor-spacer\">\n\t\t\t<div class=\"elementor-spacer-inner\"><\/div>\n\t\t<\/div>\n\t\t\t\t\t\t<\/div>\n\t\t\t\t<\/div>\n\t\t\t\t\t<\/div>\n\t\t<\/div>\n\t\t\t\t<div class=\"elementor-column elementor-col-25 elementor-top-column elementor-element elementor-element-a42b0f5\" data-id=\"a42b0f5\" data-element_type=\"column\" data-e-type=\"column\">\n\t\t\t<div class=\"elementor-widget-wrap\">\n\t\t\t\t\t\t\t<\/div>\n\t\t<\/div>\n\t\t\t\t\t<\/div>\n\t\t<\/section>\n\t\t\t\t<section data-particle_enable=\"false\" data-particle-mobile-disabled=\"false\" class=\"elementor-section elementor-top-section elementor-element elementor-element-2d452df elementor-section-boxed elementor-section-height-default elementor-section-height-default\" data-id=\"2d452df\" data-element_type=\"section\" data-e-type=\"section\">\n\t\t\t\t\t\t<div class=\"elementor-container elementor-column-gap-default\">\n\t\t\t\t\t<div class=\"elementor-column elementor-col-33 elementor-top-column elementor-element elementor-element-50079e1\" data-id=\"50079e1\" data-element_type=\"column\" data-e-type=\"column\">\n\t\t\t<div class=\"elementor-widget-wrap\">\n\t\t\t\t\t\t\t<\/div>\n\t\t<\/div>\n\t\t\t\t<div class=\"elementor-column elementor-col-33 elementor-top-column elementor-element elementor-element-a55f473\" data-id=\"a55f473\" data-element_type=\"column\" data-e-type=\"column\">\n\t\t\t<div class=\"elementor-widget-wrap elementor-element-populated\">\n\t\t\t\t\t\t<div class=\"elementor-element elementor-element-d05cf37 elementor-widget elementor-widget-text-editor\" data-id=\"d05cf37\" data-element_type=\"widget\" data-e-type=\"widget\" data-widget_type=\"text-editor.default\">\n\t\t\t\t<div class=\"elementor-widget-container\">\n\t\t\t\t\t\t\t\t\t<h1>AVISO DE GARANT\u00cdAS PROCESALES<\/h1>\n\t\t\t\t\t\t\t\t<\/div>\n\t\t\t\t<\/div>\n\t\t\t\t<div class=\"elementor-element elementor-element-743d8c2 elementor-widget elementor-widget-text-editor\" data-id=\"743d8c2\" data-element_type=\"widget\" data-e-type=\"widget\" data-widget_type=\"text-editor.default\">\n\t\t\t\t<div class=\"elementor-widget-container\">\n\t\t\t\t\t\t\t\t\t<p>Derechos de los padres en virtud de la Ley de Educaci\u00f3n de Personas con Discapacidad IDEA 2004<\/p>\n\t\t\t\t\t\t\t\t<\/div>\n\t\t\t\t<\/div>\n\t\t\t\t<div class=\"elementor-element elementor-element-b07f958 elementor-widget-divider--view-line elementor-widget elementor-widget-divider\" data-id=\"b07f958\" data-element_type=\"widget\" data-e-type=\"widget\" data-widget_type=\"divider.default\">\n\t\t\t\t<div class=\"elementor-widget-container\">\n\t\t\t\t\t\t\t<div class=\"elementor-divider\">\n\t\t\t<span class=\"elementor-divider-separator\">\n\t\t\t\t\t\t<\/span>\n\t\t<\/div>\n\t\t\t\t\t\t<\/div>\n\t\t\t\t<\/div>\n\t\t\t\t<div class=\"elementor-element elementor-element-5d86c18 elementor-widget elementor-widget-text-editor\" data-id=\"5d86c18\" data-element_type=\"widget\" data-e-type=\"widget\" data-widget_type=\"text-editor.default\">\n\t\t\t\t<div class=\"elementor-widget-container\">\n\t\t\t\t\t\t\t\t\t<p><strong>Aviso de garant\u00edas procesales: Derechos de los padres en virtud de la Ley de Educaci\u00f3n de Personas con Discapacidad IDEA 2004<\/strong><\/p>\n<\/p>\n<p>La Ley de Educaci\u00f3n de Personas con Discapacidades (IDEA), la ley federal relativa a la educaci\u00f3n de los alumnos con discapacidades, exige que las escuelas proporcionen a los padres de un ni\u00f1o con discapacidad una notificaci\u00f3n que contenga una explicaci\u00f3n completa de las garant\u00edas procesales disponibles en virtud de la IDEA y de la normativa del Departamento de Educaci\u00f3n de EE.UU.. Se debe entregar una copia de este aviso a los padres s\u00f3lo una vez por a\u00f1o escolar, excepto que se debe entregar una copia a los padres (1) en el momento de la derivaci\u00f3n inicial o de la solicitud de evaluaci\u00f3n por parte de los padres; (2) en el momento de la recepci\u00f3n de la primera queja ante el Estado conforme a 34 CFR \u00a7\u00a7300.151 a 300.153 y en el momento de la recepci\u00f3n de la primera queja de debido proceso conforme a \u00a7300.507 en un a\u00f1o escolar; (3) cuando se tome la decisi\u00f3n de tomar una medida disciplinaria que constituya un cambio de asignaci\u00f3n; y (4) a solicitud de los padres.  [34 CFR \u00a7300.504(a)]<\/p>\n<\/p>\n<p>Este aviso de salvaguardias procesales debe incluir una explicaci\u00f3n completa de todas las salvaguardias procesales disponibles en virtud de \u00a7300.148 (colocaci\u00f3n unilateral en una escuela privada con cargo a fondos p\u00fablicos), \u00a7\u00a7300.151 a 300.153 (procedimientos de reclamaci\u00f3n ante el Estado), \u00a7300.300 (consentimiento), \u00a7\u00a7300.502 a 300.503, \u00a7\u00a7300.505 a 300.518, y \u00a7\u00a7300.530 a 300.536 (garant\u00edas de procedimiento de la Subparte E de la normativa de la Parte B), y \u00a7\u00a7300.610 a 300.625 (disposiciones sobre confidencialidad de la informaci\u00f3n de la Subparte F).<\/p>\n<p>En este documento se utiliza el t\u00e9rmino \u00abdistrito escolar\u00bb para referirse al organismo educativo en el que est\u00e1 matriculado su hijo. En Arizona, puede tratarse de un distrito escolar p\u00fablico, una escuela p\u00fablica concertada, una instituci\u00f3n subvencionada por el Estado o un centro de atenci\u00f3n segura.<\/p>\n\t\t\t\t\t\t\t\t<\/div>\n\t\t\t\t<\/div>\n\t\t\t\t\t<\/div>\n\t\t<\/div>\n\t\t\t\t<div class=\"elementor-column elementor-col-33 elementor-top-column elementor-element elementor-element-f587618\" data-id=\"f587618\" data-element_type=\"column\" data-e-type=\"column\">\n\t\t\t<div class=\"elementor-widget-wrap\">\n\t\t\t\t\t\t\t<\/div>\n\t\t<\/div>\n\t\t\t\t\t<\/div>\n\t\t<\/section>\n\t\t\t\t<section data-particle_enable=\"false\" data-particle-mobile-disabled=\"false\" class=\"elementor-section elementor-top-section elementor-element elementor-element-3f2a2f3 elementor-section-boxed elementor-section-height-default elementor-section-height-default\" data-id=\"3f2a2f3\" data-element_type=\"section\" data-e-type=\"section\">\n\t\t\t\t\t\t<div class=\"elementor-container elementor-column-gap-default\">\n\t\t\t\t\t<div class=\"elementor-column elementor-col-33 elementor-top-column elementor-element elementor-element-c0d8233\" data-id=\"c0d8233\" data-element_type=\"column\" data-e-type=\"column\">\n\t\t\t<div class=\"elementor-widget-wrap\">\n\t\t\t\t\t\t\t<\/div>\n\t\t<\/div>\n\t\t\t\t<div class=\"elementor-column elementor-col-33 elementor-top-column elementor-element elementor-element-987894c\" data-id=\"987894c\" data-element_type=\"column\" data-e-type=\"column\">\n\t\t\t<div class=\"elementor-widget-wrap elementor-element-populated\">\n\t\t\t\t\t\t<div class=\"elementor-element elementor-element-38720ac elementor-widget elementor-widget-text-editor\" data-id=\"38720ac\" data-element_type=\"widget\" data-e-type=\"widget\" data-widget_type=\"text-editor.default\">\n\t\t\t\t<div class=\"elementor-widget-container\">\n\t\t\t\t\t\t\t\t\t<p>Haga clic en los botones de abajo para ver todos los detalles.<\/p>\n\t\t\t\t\t\t\t\t<\/div>\n\t\t\t\t<\/div>\n\t\t\t\t<div class=\"elementor-element elementor-element-59ed9fe elementor-widget-divider--view-line elementor-widget elementor-widget-divider\" data-id=\"59ed9fe\" data-element_type=\"widget\" data-e-type=\"widget\" data-widget_type=\"divider.default\">\n\t\t\t\t<div class=\"elementor-widget-container\">\n\t\t\t\t\t\t\t<div class=\"elementor-divider\">\n\t\t\t<span class=\"elementor-divider-separator\">\n\t\t\t\t\t\t<\/span>\n\t\t<\/div>\n\t\t\t\t\t\t<\/div>\n\t\t\t\t<\/div>\n\t\t\t\t<section data-particle_enable=\"false\" data-particle-mobile-disabled=\"false\" class=\"elementor-section elementor-inner-section elementor-element elementor-element-751f617 elementor-section-boxed elementor-section-height-default elementor-section-height-default\" data-id=\"751f617\" data-element_type=\"section\" data-e-type=\"section\">\n\t\t\t\t\t\t<div class=\"elementor-container elementor-column-gap-default\">\n\t\t\t\t\t<div class=\"elementor-column elementor-col-33 elementor-inner-column elementor-element elementor-element-3dff602\" data-id=\"3dff602\" data-element_type=\"column\" data-e-type=\"column\">\n\t\t\t<div class=\"elementor-widget-wrap elementor-element-populated\">\n\t\t\t\t\t\t<div class=\"elementor-element elementor-element-29b8eac elementor-align-center elementor-widget elementor-widget-button\" data-id=\"29b8eac\" data-element_type=\"widget\" data-e-type=\"widget\" data-widget_type=\"button.default\">\n\t\t\t\t<div class=\"elementor-widget-container\">\n\t\t\t\t\t\t\t\t\t<div class=\"elementor-button-wrapper\">\n\t\t\t\t\t<a class=\"elementor-button elementor-button-link elementor-size-md elementor-animation-grow\" href=\"https:\/\/www.enrollams.org\/wp-content\/uploads\/2020\/09\/Disabilities-Education-Act-IDEA-2004-English.pdf\" target=\"_blank\">\n\t\t\t\t\t\t<span class=\"elementor-button-content-wrapper\">\n\t\t\t\t\t\t\t\t\t<span class=\"elementor-button-text\">Ver en ingl\u00e9s<\/span>\n\t\t\t\t\t<\/span>\n\t\t\t\t\t<\/a>\n\t\t\t\t<\/div>\n\t\t\t\t\t\t\t\t<\/div>\n\t\t\t\t<\/div>\n\t\t\t\t\t<\/div>\n\t\t<\/div>\n\t\t\t\t<div class=\"elementor-column elementor-col-33 elementor-inner-column elementor-element elementor-element-672d28e\" data-id=\"672d28e\" data-element_type=\"column\" data-e-type=\"column\">\n\t\t\t<div class=\"elementor-widget-wrap elementor-element-populated\">\n\t\t\t\t\t\t<div class=\"elementor-element elementor-element-644b36a elementor-align-center elementor-widget elementor-widget-button\" data-id=\"644b36a\" data-element_type=\"widget\" data-e-type=\"widget\" data-widget_type=\"button.default\">\n\t\t\t\t<div class=\"elementor-widget-container\">\n\t\t\t\t\t\t\t\t\t<div class=\"elementor-button-wrapper\">\n\t\t\t\t\t<a class=\"elementor-button elementor-button-link elementor-size-md elementor-animation-grow\" href=\"https:\/\/www.enrollams.org\/wp-content\/uploads\/2020\/09\/Procedural-Safeguards-Spanish.pdf\" target=\"_blank\">\n\t\t\t\t\t\t<span class=\"elementor-button-content-wrapper\">\n\t\t\t\t\t\t\t\t\t<span class=\"elementor-button-text\">View in English<\/span>\n\t\t\t\t\t<\/span>\n\t\t\t\t\t<\/a>\n\t\t\t\t<\/div>\n\t\t\t\t\t\t\t\t<\/div>\n\t\t\t\t<\/div>\n\t\t\t\t\t<\/div>\n\t\t<\/div>\n\t\t\t\t<div class=\"elementor-column elementor-col-33 elementor-inner-column elementor-element elementor-element-c57e960\" data-id=\"c57e960\" data-element_type=\"column\" data-e-type=\"column\">\n\t\t\t<div class=\"elementor-widget-wrap\">\n\t\t\t\t\t\t\t<\/div>\n\t\t<\/div>\n\t\t\t\t\t<\/div>\n\t\t<\/section>\n\t\t\t\t\t<\/div>\n\t\t<\/div>\n\t\t\t\t<div class=\"elementor-column elementor-col-33 elementor-top-column elementor-element elementor-element-483b4bb\" data-id=\"483b4bb\" data-element_type=\"column\" data-e-type=\"column\">\n\t\t\t<div class=\"elementor-widget-wrap\">\n\t\t\t\t\t\t\t<\/div>\n\t\t<\/div>\n\t\t\t\t\t<\/div>\n\t\t<\/section>\n\t\t\t\t<section data-particle_enable=\"false\" data-particle-mobile-disabled=\"false\" class=\"elementor-section elementor-top-section elementor-element elementor-element-31b414c9 elementor-section-boxed elementor-section-height-default elementor-section-height-default\" data-id=\"31b414c9\" data-element_type=\"section\" data-e-type=\"section\">\n\t\t\t\t\t\t<div class=\"elementor-container elementor-column-gap-default\">\n\t\t\t\t\t<div class=\"elementor-column elementor-col-25 elementor-top-column elementor-element elementor-element-44a988e0\" data-id=\"44a988e0\" data-element_type=\"column\" data-e-type=\"column\">\n\t\t\t<div class=\"elementor-widget-wrap\">\n\t\t\t\t\t\t\t<\/div>\n\t\t<\/div>\n\t\t\t\t<div class=\"elementor-column elementor-col-50 elementor-top-column elementor-element elementor-element-141bcb2a\" data-id=\"141bcb2a\" data-element_type=\"column\" data-e-type=\"column\">\n\t\t\t<div class=\"elementor-widget-wrap elementor-element-populated\">\n\t\t\t\t\t\t<div class=\"elementor-element elementor-element-6578a31 elementor-widget elementor-widget-spacer\" data-id=\"6578a31\" data-element_type=\"widget\" data-e-type=\"widget\" data-widget_type=\"spacer.default\">\n\t\t\t\t<div class=\"elementor-widget-container\">\n\t\t\t\t\t\t\t<div class=\"elementor-spacer\">\n\t\t\t<div class=\"elementor-spacer-inner\"><\/div>\n\t\t<\/div>\n\t\t\t\t\t\t<\/div>\n\t\t\t\t<\/div>\n\t\t\t\t\t<\/div>\n\t\t<\/div>\n\t\t\t\t<div class=\"elementor-column elementor-col-25 elementor-top-column elementor-element elementor-element-4652780b\" data-id=\"4652780b\" data-element_type=\"column\" data-e-type=\"column\">\n\t\t\t<div class=\"elementor-widget-wrap\">\n\t\t\t\t\t\t\t<\/div>\n\t\t<\/div>\n\t\t\t\t\t<\/div>\n\t\t<\/section>\n\t\t\t\t<\/div>\n\t\t","protected":false},"excerpt":{"rendered":"<p class=\"excerpt\">AVISO DE GARANT\u00cdAS PROCESALES Derechos de los padres en virtud de la Ley de Educaci\u00f3n de Personas con Discapacidad IDEA 2004 Aviso de garant\u00edas procesales: Derechos de los padres en virtud de la Ley de Educaci\u00f3n de Personas con Discapacidad IDEA 2004 La Ley de Educaci\u00f3n de Personas con Discapacidades (IDEA), la ley federal relativa [&hellip;]<\/p>\n","protected":false},"author":1,"featured_media":0,"parent":22710,"menu_order":0,"comment_status":"closed","ping_status":"closed","template":"template-blank.php","meta":{"_eb_attr":"","content-type":"","footnotes":""},"class_list":["post-22689","page","type-page","status-publish","hentry"],"yoast_head":"<!-- This site is optimized with the Yoast SEO Premium plugin v26.6 (Yoast SEO v27.4) - https:\/\/yoast.com\/product\/yoast-seo-premium-wordpress\/ -->\n<title>Aviso de garant\u00edas procesales - EnrollAMS<\/title>\n<meta name=\"robots\" content=\"index, follow, max-snippet:-1, max-image-preview:large, max-video-preview:-1\" \/>\n<link rel=\"canonical\" href=\"https:\/\/enrollams.org\/es\/nuestra-historia\/aviso-de-garantias-procesales\/\" \/>\n<meta property=\"og:locale\" content=\"es_ES\" \/>\n<meta property=\"og:type\" content=\"article\" \/>\n<meta property=\"og:title\" content=\"Aviso de garant\u00edas procesales\" \/>\n<meta property=\"og:description\" content=\"AVISO DE GARANT\u00cdAS PROCESALES Derechos de los padres en virtud de la Ley de Educaci\u00f3n de Personas con Discapacidad IDEA 2004 Aviso de garant\u00edas procesales: Derechos de los padres en virtud de la Ley de Educaci\u00f3n de Personas con Discapacidad IDEA 2004 La Ley de Educaci\u00f3n de Personas con Discapacidades (IDEA), la ley federal relativa [&hellip;]\" \/>\n<meta property=\"og:url\" content=\"https:\/\/enrollams.org\/es\/nuestra-historia\/aviso-de-garantias-procesales\/\" \/>\n<meta property=\"og:site_name\" content=\"EnrollAMS\" \/>\n<meta property=\"article:publisher\" content=\"https:\/\/www.facebook.com\/amscharterschools\" \/>\n<meta property=\"article:modified_time\" content=\"2023-05-22T20:05:15+00:00\" \/>\n<meta property=\"og:image\" content=\"https:\/\/enrollams.org\/wp-content\/uploads\/2020\/10\/Academies-of-Math-and-Science-AMS_Logo.jpg\" \/>\n\t<meta property=\"og:image:width\" content=\"900\" \/>\n\t<meta property=\"og:image:height\" content=\"300\" \/>\n\t<meta property=\"og:image:type\" content=\"image\/jpeg\" \/>\n<meta name=\"twitter:card\" content=\"summary_large_image\" \/>\n<meta name=\"twitter:site\" content=\"@AMSSchools\" \/>\n<meta name=\"twitter:label1\" content=\"Tiempo de lectura\" \/>\n\t<meta name=\"twitter:data1\" content=\"2 minutos\" \/>\n<script type=\"application\/ld+json\" class=\"yoast-schema-graph\">{\"@context\":\"https:\\\/\\\/schema.org\",\"@graph\":[{\"@type\":\"WebPage\",\"@id\":\"https:\\\/\\\/enrollams.org\\\/es\\\/nuestra-historia\\\/aviso-de-garantias-procesales\\\/\",\"url\":\"https:\\\/\\\/enrollams.org\\\/es\\\/nuestra-historia\\\/aviso-de-garantias-procesales\\\/\",\"name\":\"Aviso de garant\u00edas procesales - EnrollAMS\",\"isPartOf\":{\"@id\":\"https:\\\/\\\/enrollams.org\\\/es\\\/#website\"},\"datePublished\":\"2020-09-28T18:24:21+00:00\",\"dateModified\":\"2023-05-22T20:05:15+00:00\",\"breadcrumb\":{\"@id\":\"https:\\\/\\\/enrollams.org\\\/es\\\/nuestra-historia\\\/aviso-de-garantias-procesales\\\/#breadcrumb\"},\"inLanguage\":\"es\",\"potentialAction\":[{\"@type\":\"ReadAction\",\"target\":[\"https:\\\/\\\/enrollams.org\\\/es\\\/nuestra-historia\\\/aviso-de-garantias-procesales\\\/\"]}]},{\"@type\":\"BreadcrumbList\",\"@id\":\"https:\\\/\\\/enrollams.org\\\/es\\\/nuestra-historia\\\/aviso-de-garantias-procesales\\\/#breadcrumb\",\"itemListElement\":[{\"@type\":\"ListItem\",\"position\":1,\"name\":\"Home\",\"item\":\"https:\\\/\\\/enrollams.org\\\/es\\\/\"},{\"@type\":\"ListItem\",\"position\":2,\"name\":\"Aviso de garant\u00edas procesales\"}]},{\"@type\":\"WebSite\",\"@id\":\"https:\\\/\\\/enrollams.org\\\/es\\\/#website\",\"url\":\"https:\\\/\\\/enrollams.org\\\/es\\\/\",\"name\":\"EnrollAMS\",\"description\":\"Award-winning, K-8 charter schools in Phoenix Arizona, Tucson AZ and Little Rock Arkansas. Well-rounded elementary and middle schools. \",\"publisher\":{\"@id\":\"https:\\\/\\\/enrollams.org\\\/es\\\/#organization\"},\"alternateName\":\"AMS Enroll\",\"potentialAction\":[{\"@type\":\"SearchAction\",\"target\":{\"@type\":\"EntryPoint\",\"urlTemplate\":\"https:\\\/\\\/enrollams.org\\\/es\\\/?s={search_term_string}\"},\"query-input\":{\"@type\":\"PropertyValueSpecification\",\"valueRequired\":true,\"valueName\":\"search_term_string\"}}],\"inLanguage\":\"es\"},{\"@type\":\"Organization\",\"@id\":\"https:\\\/\\\/enrollams.org\\\/es\\\/#organization\",\"name\":\"Academies of Math & Science\",\"url\":\"https:\\\/\\\/enrollams.org\\\/es\\\/\",\"logo\":{\"@type\":\"ImageObject\",\"inLanguage\":\"es\",\"@id\":\"https:\\\/\\\/enrollams.org\\\/es\\\/#\\\/schema\\\/logo\\\/image\\\/\",\"url\":\"https:\\\/\\\/enrollams.org\\\/wp-content\\\/uploads\\\/2020\\\/10\\\/Academies-of-Math-and-Science-AMS_Logo.jpg\",\"contentUrl\":\"https:\\\/\\\/enrollams.org\\\/wp-content\\\/uploads\\\/2020\\\/10\\\/Academies-of-Math-and-Science-AMS_Logo.jpg\",\"width\":900,\"height\":300,\"caption\":\"Academies of Math & Science\"},\"image\":{\"@id\":\"https:\\\/\\\/enrollams.org\\\/es\\\/#\\\/schema\\\/logo\\\/image\\\/\"},\"sameAs\":[\"https:\\\/\\\/www.facebook.com\\\/amscharterschools\",\"https:\\\/\\\/x.com\\\/AMSSchools\",\"https:\\\/\\\/www.instagram.com\\\/ams_charter_schools\\\/\",\"https:\\\/\\\/www.linkedin.com\\\/company\\\/academy-of-math-and-science\\\/\",\"https:\\\/\\\/www.youtube.com\\\/channel\\\/UCzrc6aaRtahKhqm4heolMBA\"]}]}<\/script>\n<!-- \/ Yoast SEO Premium plugin. -->","yoast_head_json":{"title":"Aviso de garant\u00edas procesales - EnrollAMS","robots":{"index":"index","follow":"follow","max-snippet":"max-snippet:-1","max-image-preview":"max-image-preview:large","max-video-preview":"max-video-preview:-1"},"canonical":"https:\/\/enrollams.org\/es\/nuestra-historia\/aviso-de-garantias-procesales\/","og_locale":"es_ES","og_type":"article","og_title":"Aviso de garant\u00edas procesales","og_description":"AVISO DE GARANT\u00cdAS PROCESALES Derechos de los padres en virtud de la Ley de Educaci\u00f3n de Personas con Discapacidad IDEA 2004 Aviso de garant\u00edas procesales: Derechos de los padres en virtud de la Ley de Educaci\u00f3n de Personas con Discapacidad IDEA 2004 La Ley de Educaci\u00f3n de Personas con Discapacidades (IDEA), la ley federal relativa [&hellip;]","og_url":"https:\/\/enrollams.org\/es\/nuestra-historia\/aviso-de-garantias-procesales\/","og_site_name":"EnrollAMS","article_publisher":"https:\/\/www.facebook.com\/amscharterschools","article_modified_time":"2023-05-22T20:05:15+00:00","og_image":[{"width":900,"height":300,"url":"https:\/\/enrollams.org\/wp-content\/uploads\/2020\/10\/Academies-of-Math-and-Science-AMS_Logo.jpg","type":"image\/jpeg"}],"twitter_card":"summary_large_image","twitter_site":"@AMSSchools","twitter_misc":{"Tiempo de lectura":"2 minutos"},"schema":{"@context":"https:\/\/schema.org","@graph":[{"@type":"WebPage","@id":"https:\/\/enrollams.org\/es\/nuestra-historia\/aviso-de-garantias-procesales\/","url":"https:\/\/enrollams.org\/es\/nuestra-historia\/aviso-de-garantias-procesales\/","name":"Aviso de garant\u00edas procesales - EnrollAMS","isPartOf":{"@id":"https:\/\/enrollams.org\/es\/#website"},"datePublished":"2020-09-28T18:24:21+00:00","dateModified":"2023-05-22T20:05:15+00:00","breadcrumb":{"@id":"https:\/\/enrollams.org\/es\/nuestra-historia\/aviso-de-garantias-procesales\/#breadcrumb"},"inLanguage":"es","potentialAction":[{"@type":"ReadAction","target":["https:\/\/enrollams.org\/es\/nuestra-historia\/aviso-de-garantias-procesales\/"]}]},{"@type":"BreadcrumbList","@id":"https:\/\/enrollams.org\/es\/nuestra-historia\/aviso-de-garantias-procesales\/#breadcrumb","itemListElement":[{"@type":"ListItem","position":1,"name":"Home","item":"https:\/\/enrollams.org\/es\/"},{"@type":"ListItem","position":2,"name":"Aviso de garant\u00edas procesales"}]},{"@type":"WebSite","@id":"https:\/\/enrollams.org\/es\/#website","url":"https:\/\/enrollams.org\/es\/","name":"EnrollAMS","description":"Award-winning, K-8 charter schools in Phoenix Arizona, Tucson AZ and Little Rock Arkansas. Well-rounded elementary and middle schools. ","publisher":{"@id":"https:\/\/enrollams.org\/es\/#organization"},"alternateName":"AMS Enroll","potentialAction":[{"@type":"SearchAction","target":{"@type":"EntryPoint","urlTemplate":"https:\/\/enrollams.org\/es\/?s={search_term_string}"},"query-input":{"@type":"PropertyValueSpecification","valueRequired":true,"valueName":"search_term_string"}}],"inLanguage":"es"},{"@type":"Organization","@id":"https:\/\/enrollams.org\/es\/#organization","name":"Academies of Math & Science","url":"https:\/\/enrollams.org\/es\/","logo":{"@type":"ImageObject","inLanguage":"es","@id":"https:\/\/enrollams.org\/es\/#\/schema\/logo\/image\/","url":"https:\/\/enrollams.org\/wp-content\/uploads\/2020\/10\/Academies-of-Math-and-Science-AMS_Logo.jpg","contentUrl":"https:\/\/enrollams.org\/wp-content\/uploads\/2020\/10\/Academies-of-Math-and-Science-AMS_Logo.jpg","width":900,"height":300,"caption":"Academies of Math & Science"},"image":{"@id":"https:\/\/enrollams.org\/es\/#\/schema\/logo\/image\/"},"sameAs":["https:\/\/www.facebook.com\/amscharterschools","https:\/\/x.com\/AMSSchools","https:\/\/www.instagram.com\/ams_charter_schools\/","https:\/\/www.linkedin.com\/company\/academy-of-math-and-science\/","https:\/\/www.youtube.com\/channel\/UCzrc6aaRtahKhqm4heolMBA"]}]}},"_links":{"self":[{"href":"https:\/\/enrollams.org\/es\/wp-json\/wp\/v2\/pages\/22689","targetHints":{"allow":["GET"]}}],"collection":[{"href":"https:\/\/enrollams.org\/es\/wp-json\/wp\/v2\/pages"}],"about":[{"href":"https:\/\/enrollams.org\/es\/wp-json\/wp\/v2\/types\/page"}],"author":[{"embeddable":true,"href":"https:\/\/enrollams.org\/es\/wp-json\/wp\/v2\/users\/1"}],"replies":[{"embeddable":true,"href":"https:\/\/enrollams.org\/es\/wp-json\/wp\/v2\/comments?post=22689"}],"version-history":[{"count":0,"href":"https:\/\/enrollams.org\/es\/wp-json\/wp\/v2\/pages\/22689\/revisions"}],"up":[{"embeddable":true,"href":"https:\/\/enrollams.org\/es\/wp-json\/wp\/v2\/pages\/22710"}],"wp:attachment":[{"href":"https:\/\/enrollams.org\/es\/wp-json\/wp\/v2\/media?parent=22689"}],"curies":[{"name":"wp","href":"https:\/\/api.w.org\/{rel}","templated":true}]}}