{"id":22733,"date":"2021-02-16T14:32:24","date_gmt":"2021-02-16T21:32:24","guid":{"rendered":"https:\/\/enrollams.org\/zzz-plantilla-para-la-integracion-de-eventbrite\/"},"modified":"2023-05-22T13:09:08","modified_gmt":"2023-05-22T20:09:08","slug":"zzz-plantilla-para-la-integracion-de-eventbrite","status":"publish","type":"page","link":"https:\/\/enrollams.org\/es\/zzz-plantilla-para-la-integracion-de-eventbrite\/","title":{"rendered":"zzz Plantilla para la integraci\u00f3n de Eventbrite"},"content":{"rendered":"<p>Sesi\u00f3n de preguntas y respuestas en directo &#8211; Martes 9 de marzo de 2021<\/p>\n<p>Dos sesiones: 9:00 o 17:00<\/p>\n<h2>Acomp\u00e1\u00f1enos en una sesi\u00f3n informativa en directo sobre nuestra Academia Virtual 100% Online.<\/h2>\n<ul id=\"eael-countdown-124394f9\" data-date=\"Mar 09 2021 9:00:00\">\n<li>00D\u00edas<\/li>\n<li>00Horas<\/li>\n<li>00Minutos<\/li>\n<li>00Segundos<\/li>\n<\/ul>\n<p><!-- Noscript content for added SEO --><br \/>\n<noscript><a href=\"https:\/\/www.eventbrite.com\/e\/ams-ava-march-virtual-information-session-english-tickets-141465732815\" rel=\"noopener noreferrer\" target=\"_blank\"><\/a><\/noscript><a href=\"https:\/\/www.eventbrite.com\/e\/ams-ava-march-virtual-information-session-english-tickets-141465732815\" rel=\"noopener noreferrer\" target=\"_blank\"><br \/>\n<!-- You can customize this button any way you like --><br \/>\n<button id=\"eventbrite-widget-modal-trigger-141465732815\" type=\"button\">Reg\u00edstrese ahora<\/button><br \/>\n<\/a><noscript><a href=\"https:\/\/www.eventbrite.com\/e\/ams-ava-march-virtual-information-session-english-tickets-141465732815\" rel=\"noopener noreferrer\" target=\"_blank\"><\/a>Comprar entradas en Eventbrite<\/noscript><br \/>\n<a href=\"\/ams-virtual-academy-live-qa-information-session\/\" role=\"button\"><br \/>\nIngl\u00e9s<br \/>\n<\/a><br \/>\n<a href=\"https:\/\/enrollams.org\/sesion-de-preguntas-y-respuestas-en-vivo-de-la-academia-virtual-de-ams\/\" role=\"button\"><br \/>\nEnglish<br \/>\n<\/a><br \/>\n<img loading=\"lazy\" decoding=\"async\" width=\"900\" height=\"300\" src=\"https:\/\/enrollams.org\/wp-content\/uploads\/2021\/02\/AMS-AVA-logo-amsschools.png\" alt=\"AMS-Academia Virtual Avanzada\" loading=\"lazy\" srcset=\"https:\/\/enrollams.org\/wp-content\/uploads\/2021\/02\/AMS-AVA-logo-amsschools.png 900w, https:\/\/enrollams.org\/wp-content\/uploads\/2021\/02\/AMS-AVA-logo-amsschools-300x100.png 300w, https:\/\/enrollams.org\/wp-content\/uploads\/2021\/02\/AMS-AVA-logo-amsschools-768x256.png 768w\" sizes=\"auto, (max-width: 900px) 100vw, 900px\"><\/p>\n<p>\u00bfDesea un programa en l\u00ednea K-8 que permita a su hijo aprender desde casa, sin dejar de obtener la misma experiencia acad\u00e9mica rigurosa que en un campus f\u00edsico?<\/p>\n<p>\u00danase a nosotros el martes 9 de marzo de 2021 para asistir a una sesi\u00f3n informativa en directo sobre nuestra Academia Virtual 100% en l\u00ednea. Durante este evento, tendr\u00e1 la oportunidad de aprender m\u00e1s sobre nuestro plan de estudios en l\u00ednea K-8 y podremos responder a cualquier pregunta que tenga.<\/p>\n<p>En el programa 100% online de AMS, los padres pueden adaptar la experiencia de aprendizaje de sus hijos a lo que mejor funcione para su \u00e9xito.<\/p>\n<p>Ofrezca a su hijo una educaci\u00f3n que le prepare para el \u00e9xito en el instituto y m\u00e1s all\u00e1, \u00a1mientras aprende desde casa! Inscr\u00edbase hoy mismo para obtener m\u00e1s informaci\u00f3n sobre c\u00f3mo nuestra Academia Virtual Avanzada puede ayudarle con las necesidades acad\u00e9micas de su hijo.<\/p>\n<p><b>Nuestra Academia Virtual Avanzada 100% Online proporciona a los alumnos:<\/b><\/p>\n<p><img decoding=\"async\" role=\"img\" draggable=\"false\" src=\"https:\/\/s.w.org\/images\/core\/emoji\/13.0.0\/svg\/1f3eb.svg\" alt=\"\ud83c\udfeb\">&nbsp;  Plan de estudios centrado en STEAM<\/p>\n<p><img decoding=\"async\" role=\"img\" draggable=\"false\" src=\"https:\/\/s.w.org\/images\/core\/emoji\/13.0.0\/svg\/1f468-200d-1f3eb.svg\" alt=\"\ud83d\udc68\u200d\ud83c\udfeb\">  Instrucci\u00f3n de profesores en directo  &nbsp;<\/p>\n<p><img decoding=\"async\" role=\"img\" draggable=\"false\" src=\"https:\/\/s.w.org\/images\/core\/emoji\/13.0.0\/svg\/1f3e2.svg\" alt=\"\ud83c\udfe2\">  Conferencias diarias con los profesores<\/p>\n<p><img decoding=\"async\" role=\"img\" draggable=\"false\" src=\"https:\/\/s.w.org\/images\/core\/emoji\/13.0.0\/svg\/1f4da.svg\" alt=\"\ud83d\udcda\">  Eventos virtuales (noches de cine, clubes y asambleas)&nbsp;&nbsp;<\/p>\n<p><img decoding=\"async\" role=\"img\" draggable=\"false\" src=\"https:\/\/s.w.org\/images\/core\/emoji\/13.0.0\/svg\/2b50.svg\" alt=\"\u2b50\">  Calendario escolar ampliado a 200 d\u00edas<\/p>\n<p><a href=\"https:\/\/www.eventbrite.com\/e\/ams-ava-march-virtual-information-session-tickets-141465732815\" target=\"_blank\" rel=\"noopener noreferrer\"><\/a><\/p>\n<p><a href=\"https:\/\/www.eventbrite.com\/e\/ams-ava-march-virtual-information-session-tickets-141465732815\" target=\"_blank\" rel=\"noopener noreferrer\"><\/p>\n<h2>\n  Sesi\u00f3n informativa en directo<br \/>\nMartes, 9 de marzo de 2021<br \/>\nDos sesiones 9h00 y 17h00<\/h2>\n<p><\/a><a href=\"https:\/\/www.eventbrite.com\/e\/ams-ava-march-virtual-information-session-tickets-141465732815\" target=\"_blank\" rel=\"noopener noreferrer\">  Inscr\u00edbase hoy mismo para obtener m\u00e1s informaci\u00f3n sobre c\u00f3mo su hijo puede tener \u00e9xito en un programa de aprendizaje en l\u00ednea.<br \/>\nREG\u00cdSTRESE AHORA<br \/>\n<\/a><br \/>\nSesi\u00f3n de preguntas y respuestas en directo &#8211; Martes 9 de marzo de 2021<\/p>\n<h2>Acomp\u00e1\u00f1enos en una sesi\u00f3n informativa en directo sobre nuestra Academia Virtual 100% Online.<\/h2>\n<ul id=\"eael-countdown-fcb783f\" data-date=\"Mar 09 2021 9:00:00\">\n<li>00D\u00edas<\/li>\n<li>00Horas<\/li>\n<li>00Minutos<\/li>\n<li>00Segundos<\/li>\n<\/ul>\n<p><a href=\"https:\/\/www.eventbrite.com\/e\/ams-ava-march-virtual-information-session-tickets-141465732815\" target=\"_blank\" role=\"button\" rel=\"noopener noreferrer\"><br \/>\nReg\u00edstrese ahora<br \/>\n<\/a><\/p>\n","protected":false},"excerpt":{"rendered":"<p class=\"excerpt\">Sesi\u00f3n de preguntas y respuestas en directo &#8211; Martes 9 de marzo de 2021 Dos sesiones: 9:00 o 17:00 Acomp\u00e1\u00f1enos en una sesi\u00f3n informativa en directo sobre nuestra Academia Virtual 100% Online. 00D\u00edas 00Horas 00Minutos 00Segundos Reg\u00edstrese ahora Comprar entradas en Eventbrite Ingl\u00e9s English \u00bfDesea un programa en l\u00ednea K-8 que permita a su hijo [&hellip;]<\/p>\n","protected":false},"author":9,"featured_media":22377,"parent":0,"menu_order":0,"comment_status":"closed","ping_status":"closed","template":"elementor_canvas","meta":{"_eb_attr":"","content-type":"","footnotes":""},"class_list":["post-22733","page","type-page","status-publish","has-post-thumbnail","hentry"],"yoast_head":"<!-- This site is optimized with the Yoast SEO Premium plugin v26.6 (Yoast SEO v27.4) - https:\/\/yoast.com\/product\/yoast-seo-premium-wordpress\/ -->\n<title>zzz Plantilla para la integraci\u00f3n de Eventbrite - 9 de marzo de 2021<\/title>\n<meta name=\"robots\" content=\"index, follow, max-snippet:-1, max-image-preview:large, max-video-preview:-1\" \/>\n<link rel=\"canonical\" href=\"https:\/\/enrollams.org\/es\/zzz-plantilla-para-la-integracion-de-eventbrite\/\" \/>\n<meta property=\"og:locale\" content=\"es_ES\" \/>\n<meta property=\"og:type\" content=\"article\" \/>\n<meta property=\"og:title\" content=\"zzz Plantilla para la integraci\u00f3n de Eventbrite\" \/>\n<meta property=\"og:description\" content=\"Sesi\u00f3n de preguntas y respuestas en directo &#8211; Martes 9 de marzo de 2021 Dos sesiones: 9:00 o 17:00 Acomp\u00e1\u00f1enos en una sesi\u00f3n informativa en directo sobre nuestra Academia Virtual 100% Online. 00D\u00edas 00Horas 00Minutos 00Segundos Reg\u00edstrese ahora Comprar entradas en Eventbrite Ingl\u00e9s English \u00bfDesea un programa en l\u00ednea K-8 que permita a su hijo [&hellip;]\" \/>\n<meta property=\"og:url\" content=\"https:\/\/enrollams.org\/es\/zzz-plantilla-para-la-integracion-de-eventbrite\/\" \/>\n<meta property=\"og:site_name\" content=\"EnrollAMS\" \/>\n<meta property=\"article:publisher\" content=\"https:\/\/www.facebook.com\/amscharterschools\" \/>\n<meta property=\"article:modified_time\" content=\"2023-05-22T20:09:08+00:00\" \/>\n<meta property=\"og:image\" content=\"https:\/\/enrollams.org\/wp-content\/uploads\/2021\/02\/AMS-Einstein-800x800-1.png\" \/>\n\t<meta property=\"og:image:width\" content=\"800\" \/>\n\t<meta property=\"og:image:height\" content=\"800\" \/>\n\t<meta property=\"og:image:type\" content=\"image\/png\" \/>\n<meta name=\"twitter:card\" content=\"summary_large_image\" \/>\n<meta name=\"twitter:site\" content=\"@AMSSchools\" \/>\n<meta name=\"twitter:label1\" content=\"Tiempo de lectura\" \/>\n\t<meta name=\"twitter:data1\" content=\"2 minutos\" \/>\n<script type=\"application\/ld+json\" class=\"yoast-schema-graph\">{\"@context\":\"https:\\\/\\\/schema.org\",\"@graph\":[{\"@type\":\"WebPage\",\"@id\":\"https:\\\/\\\/enrollams.org\\\/es\\\/zzz-plantilla-para-la-integracion-de-eventbrite\\\/\",\"url\":\"https:\\\/\\\/enrollams.org\\\/es\\\/zzz-plantilla-para-la-integracion-de-eventbrite\\\/\",\"name\":\"zzz Plantilla para la integraci\u00f3n de Eventbrite - 9 de marzo de 2021\",\"isPartOf\":{\"@id\":\"https:\\\/\\\/enrollams.org\\\/es\\\/#website\"},\"primaryImageOfPage\":{\"@id\":\"https:\\\/\\\/enrollams.org\\\/es\\\/zzz-plantilla-para-la-integracion-de-eventbrite\\\/#primaryimage\"},\"image\":{\"@id\":\"https:\\\/\\\/enrollams.org\\\/es\\\/zzz-plantilla-para-la-integracion-de-eventbrite\\\/#primaryimage\"},\"thumbnailUrl\":\"https:\\\/\\\/enrollams.org\\\/wp-content\\\/uploads\\\/2021\\\/02\\\/AMS-Einstein-800x800-1.png\",\"datePublished\":\"2021-02-16T21:32:24+00:00\",\"dateModified\":\"2023-05-22T20:09:08+00:00\",\"breadcrumb\":{\"@id\":\"https:\\\/\\\/enrollams.org\\\/es\\\/zzz-plantilla-para-la-integracion-de-eventbrite\\\/#breadcrumb\"},\"inLanguage\":\"es\",\"potentialAction\":[{\"@type\":\"ReadAction\",\"target\":[\"https:\\\/\\\/enrollams.org\\\/es\\\/zzz-plantilla-para-la-integracion-de-eventbrite\\\/\"]}]},{\"@type\":\"ImageObject\",\"inLanguage\":\"es\",\"@id\":\"https:\\\/\\\/enrollams.org\\\/es\\\/zzz-plantilla-para-la-integracion-de-eventbrite\\\/#primaryimage\",\"url\":\"https:\\\/\\\/enrollams.org\\\/wp-content\\\/uploads\\\/2021\\\/02\\\/AMS-Einstein-800x800-1.png\",\"contentUrl\":\"https:\\\/\\\/enrollams.org\\\/wp-content\\\/uploads\\\/2021\\\/02\\\/AMS-Einstein-800x800-1.png\",\"width\":800,\"height\":800},{\"@type\":\"BreadcrumbList\",\"@id\":\"https:\\\/\\\/enrollams.org\\\/es\\\/zzz-plantilla-para-la-integracion-de-eventbrite\\\/#breadcrumb\",\"itemListElement\":[{\"@type\":\"ListItem\",\"position\":1,\"name\":\"Home\",\"item\":\"https:\\\/\\\/enrollams.org\\\/es\\\/\"},{\"@type\":\"ListItem\",\"position\":2,\"name\":\"zzz Plantilla para la integraci\u00f3n de Eventbrite\"}]},{\"@type\":\"WebSite\",\"@id\":\"https:\\\/\\\/enrollams.org\\\/es\\\/#website\",\"url\":\"https:\\\/\\\/enrollams.org\\\/es\\\/\",\"name\":\"EnrollAMS\",\"description\":\"Award-winning, K-8 charter schools in Phoenix Arizona, Tucson AZ and Little Rock Arkansas. Well-rounded elementary and middle schools. \",\"publisher\":{\"@id\":\"https:\\\/\\\/enrollams.org\\\/es\\\/#organization\"},\"alternateName\":\"AMS Enroll\",\"potentialAction\":[{\"@type\":\"SearchAction\",\"target\":{\"@type\":\"EntryPoint\",\"urlTemplate\":\"https:\\\/\\\/enrollams.org\\\/es\\\/?s={search_term_string}\"},\"query-input\":{\"@type\":\"PropertyValueSpecification\",\"valueRequired\":true,\"valueName\":\"search_term_string\"}}],\"inLanguage\":\"es\"},{\"@type\":\"Organization\",\"@id\":\"https:\\\/\\\/enrollams.org\\\/es\\\/#organization\",\"name\":\"Academies of Math & Science\",\"url\":\"https:\\\/\\\/enrollams.org\\\/es\\\/\",\"logo\":{\"@type\":\"ImageObject\",\"inLanguage\":\"es\",\"@id\":\"https:\\\/\\\/enrollams.org\\\/es\\\/#\\\/schema\\\/logo\\\/image\\\/\",\"url\":\"https:\\\/\\\/enrollams.org\\\/wp-content\\\/uploads\\\/2020\\\/10\\\/Academies-of-Math-and-Science-AMS_Logo.jpg\",\"contentUrl\":\"https:\\\/\\\/enrollams.org\\\/wp-content\\\/uploads\\\/2020\\\/10\\\/Academies-of-Math-and-Science-AMS_Logo.jpg\",\"width\":900,\"height\":300,\"caption\":\"Academies of Math & Science\"},\"image\":{\"@id\":\"https:\\\/\\\/enrollams.org\\\/es\\\/#\\\/schema\\\/logo\\\/image\\\/\"},\"sameAs\":[\"https:\\\/\\\/www.facebook.com\\\/amscharterschools\",\"https:\\\/\\\/x.com\\\/AMSSchools\",\"https:\\\/\\\/www.instagram.com\\\/ams_charter_schools\\\/\",\"https:\\\/\\\/www.linkedin.com\\\/company\\\/academy-of-math-and-science\\\/\",\"https:\\\/\\\/www.youtube.com\\\/channel\\\/UCzrc6aaRtahKhqm4heolMBA\"]}]}<\/script>\n<!-- \/ Yoast SEO Premium plugin. -->","yoast_head_json":{"title":"zzz Plantilla para la integraci\u00f3n de Eventbrite - 9 de marzo de 2021","robots":{"index":"index","follow":"follow","max-snippet":"max-snippet:-1","max-image-preview":"max-image-preview:large","max-video-preview":"max-video-preview:-1"},"canonical":"https:\/\/enrollams.org\/es\/zzz-plantilla-para-la-integracion-de-eventbrite\/","og_locale":"es_ES","og_type":"article","og_title":"zzz Plantilla para la integraci\u00f3n de Eventbrite","og_description":"Sesi\u00f3n de preguntas y respuestas en directo &#8211; Martes 9 de marzo de 2021 Dos sesiones: 9:00 o 17:00 Acomp\u00e1\u00f1enos en una sesi\u00f3n informativa en directo sobre nuestra Academia Virtual 100% Online. 00D\u00edas 00Horas 00Minutos 00Segundos Reg\u00edstrese ahora Comprar entradas en Eventbrite Ingl\u00e9s English \u00bfDesea un programa en l\u00ednea K-8 que permita a su hijo [&hellip;]","og_url":"https:\/\/enrollams.org\/es\/zzz-plantilla-para-la-integracion-de-eventbrite\/","og_site_name":"EnrollAMS","article_publisher":"https:\/\/www.facebook.com\/amscharterschools","article_modified_time":"2023-05-22T20:09:08+00:00","og_image":[{"width":800,"height":800,"url":"https:\/\/enrollams.org\/wp-content\/uploads\/2021\/02\/AMS-Einstein-800x800-1.png","type":"image\/png"}],"twitter_card":"summary_large_image","twitter_site":"@AMSSchools","twitter_misc":{"Tiempo de lectura":"2 minutos"},"schema":{"@context":"https:\/\/schema.org","@graph":[{"@type":"WebPage","@id":"https:\/\/enrollams.org\/es\/zzz-plantilla-para-la-integracion-de-eventbrite\/","url":"https:\/\/enrollams.org\/es\/zzz-plantilla-para-la-integracion-de-eventbrite\/","name":"zzz Plantilla para la integraci\u00f3n de Eventbrite - 9 de marzo de 2021","isPartOf":{"@id":"https:\/\/enrollams.org\/es\/#website"},"primaryImageOfPage":{"@id":"https:\/\/enrollams.org\/es\/zzz-plantilla-para-la-integracion-de-eventbrite\/#primaryimage"},"image":{"@id":"https:\/\/enrollams.org\/es\/zzz-plantilla-para-la-integracion-de-eventbrite\/#primaryimage"},"thumbnailUrl":"https:\/\/enrollams.org\/wp-content\/uploads\/2021\/02\/AMS-Einstein-800x800-1.png","datePublished":"2021-02-16T21:32:24+00:00","dateModified":"2023-05-22T20:09:08+00:00","breadcrumb":{"@id":"https:\/\/enrollams.org\/es\/zzz-plantilla-para-la-integracion-de-eventbrite\/#breadcrumb"},"inLanguage":"es","potentialAction":[{"@type":"ReadAction","target":["https:\/\/enrollams.org\/es\/zzz-plantilla-para-la-integracion-de-eventbrite\/"]}]},{"@type":"ImageObject","inLanguage":"es","@id":"https:\/\/enrollams.org\/es\/zzz-plantilla-para-la-integracion-de-eventbrite\/#primaryimage","url":"https:\/\/enrollams.org\/wp-content\/uploads\/2021\/02\/AMS-Einstein-800x800-1.png","contentUrl":"https:\/\/enrollams.org\/wp-content\/uploads\/2021\/02\/AMS-Einstein-800x800-1.png","width":800,"height":800},{"@type":"BreadcrumbList","@id":"https:\/\/enrollams.org\/es\/zzz-plantilla-para-la-integracion-de-eventbrite\/#breadcrumb","itemListElement":[{"@type":"ListItem","position":1,"name":"Home","item":"https:\/\/enrollams.org\/es\/"},{"@type":"ListItem","position":2,"name":"zzz Plantilla para la integraci\u00f3n de Eventbrite"}]},{"@type":"WebSite","@id":"https:\/\/enrollams.org\/es\/#website","url":"https:\/\/enrollams.org\/es\/","name":"EnrollAMS","description":"Award-winning, K-8 charter schools in Phoenix Arizona, Tucson AZ and Little Rock Arkansas. Well-rounded elementary and middle schools. ","publisher":{"@id":"https:\/\/enrollams.org\/es\/#organization"},"alternateName":"AMS Enroll","potentialAction":[{"@type":"SearchAction","target":{"@type":"EntryPoint","urlTemplate":"https:\/\/enrollams.org\/es\/?s={search_term_string}"},"query-input":{"@type":"PropertyValueSpecification","valueRequired":true,"valueName":"search_term_string"}}],"inLanguage":"es"},{"@type":"Organization","@id":"https:\/\/enrollams.org\/es\/#organization","name":"Academies of Math & Science","url":"https:\/\/enrollams.org\/es\/","logo":{"@type":"ImageObject","inLanguage":"es","@id":"https:\/\/enrollams.org\/es\/#\/schema\/logo\/image\/","url":"https:\/\/enrollams.org\/wp-content\/uploads\/2020\/10\/Academies-of-Math-and-Science-AMS_Logo.jpg","contentUrl":"https:\/\/enrollams.org\/wp-content\/uploads\/2020\/10\/Academies-of-Math-and-Science-AMS_Logo.jpg","width":900,"height":300,"caption":"Academies of Math & Science"},"image":{"@id":"https:\/\/enrollams.org\/es\/#\/schema\/logo\/image\/"},"sameAs":["https:\/\/www.facebook.com\/amscharterschools","https:\/\/x.com\/AMSSchools","https:\/\/www.instagram.com\/ams_charter_schools\/","https:\/\/www.linkedin.com\/company\/academy-of-math-and-science\/","https:\/\/www.youtube.com\/channel\/UCzrc6aaRtahKhqm4heolMBA"]}]}},"_links":{"self":[{"href":"https:\/\/enrollams.org\/es\/wp-json\/wp\/v2\/pages\/22733","targetHints":{"allow":["GET"]}}],"collection":[{"href":"https:\/\/enrollams.org\/es\/wp-json\/wp\/v2\/pages"}],"about":[{"href":"https:\/\/enrollams.org\/es\/wp-json\/wp\/v2\/types\/page"}],"author":[{"embeddable":true,"href":"https:\/\/enrollams.org\/es\/wp-json\/wp\/v2\/users\/9"}],"replies":[{"embeddable":true,"href":"https:\/\/enrollams.org\/es\/wp-json\/wp\/v2\/comments?post=22733"}],"version-history":[{"count":0,"href":"https:\/\/enrollams.org\/es\/wp-json\/wp\/v2\/pages\/22733\/revisions"}],"wp:featuredmedia":[{"embeddable":true,"href":"https:\/\/enrollams.org\/es\/wp-json\/wp\/v2\/media\/22377"}],"wp:attachment":[{"href":"https:\/\/enrollams.org\/es\/wp-json\/wp\/v2\/media?parent=22733"}],"curies":[{"name":"wp","href":"https:\/\/api.w.org\/{rel}","templated":true}]}}