{"id":23275,"date":"2021-12-14T12:49:31","date_gmt":"2021-12-14T19:49:31","guid":{"rendered":"https:\/\/enrollams.org\/23275-2\/"},"modified":"2023-11-13T10:19:50","modified_gmt":"2023-11-13T17:19:50","slug":"23275-2","status":"publish","type":"page","link":"https:\/\/enrollams.org\/es\/23275-2\/","title":{"rendered":""},"content":{"rendered":"\t\t<div data-elementor-type=\"wp-page\" data-elementor-id=\"23275\" class=\"elementor elementor-23275 elementor-21016\" data-elementor-post-type=\"page\">\n\t\t\t\t\t\t<section data-particle_enable=\"false\" data-particle-mobile-disabled=\"false\" class=\"elementor-section elementor-top-section elementor-element elementor-element-7f2cd33 elementor-section-full_width elementor-section-height-default elementor-section-height-default\" data-id=\"7f2cd33\" data-element_type=\"section\" data-e-type=\"section\" data-settings=\"{&quot;background_background&quot;:&quot;classic&quot;}\">\n\t\t\t\t\t\t\t<div class=\"elementor-background-overlay\"><\/div>\n\t\t\t\t\t\t\t<div class=\"elementor-container elementor-column-gap-default\">\n\t\t\t\t\t<div class=\"elementor-column elementor-col-100 elementor-top-column elementor-element elementor-element-2817bca\" data-id=\"2817bca\" data-element_type=\"column\" data-e-type=\"column\">\n\t\t\t<div class=\"elementor-widget-wrap elementor-element-populated\">\n\t\t\t\t\t\t<div class=\"elementor-element elementor-element-ee510d9 elementor-widget elementor-widget-heading\" data-id=\"ee510d9\" data-element_type=\"widget\" data-e-type=\"widget\" data-widget_type=\"heading.default\">\n\t\t\t\t<div class=\"elementor-widget-container\">\n\t\t\t\t\t<h1 class=\"elementor-heading-title elementor-size-default\"><p>V\u00eddeos de la AMS:<\/p><\/h1>\t\t\t\t<\/div>\n\t\t\t\t<\/div>\n\t\t\t\t<div class=\"elementor-element elementor-element-faa38cb elementor-widget elementor-widget-breadcrumbs\" data-id=\"faa38cb\" data-element_type=\"widget\" data-e-type=\"widget\" data-widget_type=\"breadcrumbs.default\">\n\t\t\t\t<div class=\"elementor-widget-container\">\n\t\t\t\t\t<p id=\"breadcrumbs\"><span><span><a href=\"https:\/\/enrollams.org\/es\/\">Home<\/a><\/span><\/span><\/p>\t\t\t\t<\/div>\n\t\t\t\t<\/div>\n\t\t\t\t\t<\/div>\n\t\t<\/div>\n\t\t\t\t\t<\/div>\n\t\t<\/section>\n\t\t\t\t<section data-particle_enable=\"false\" data-particle-mobile-disabled=\"false\" class=\"elementor-section elementor-top-section elementor-element elementor-element-9a7d5bd elementor-section-boxed elementor-section-height-default elementor-section-height-default\" data-id=\"9a7d5bd\" data-element_type=\"section\" data-e-type=\"section\" data-settings=\"{&quot;background_background&quot;:&quot;classic&quot;}\">\n\t\t\t\t\t\t<div class=\"elementor-container elementor-column-gap-default\">\n\t\t\t\t\t<div class=\"elementor-column elementor-col-33 elementor-top-column elementor-element elementor-element-b0495b3\" data-id=\"b0495b3\" data-element_type=\"column\" data-e-type=\"column\">\n\t\t\t<div class=\"elementor-widget-wrap\">\n\t\t\t\t\t\t\t<\/div>\n\t\t<\/div>\n\t\t\t\t<div class=\"elementor-column elementor-col-33 elementor-top-column elementor-element elementor-element-c589dc7\" data-id=\"c589dc7\" data-element_type=\"column\" data-e-type=\"column\">\n\t\t\t<div class=\"elementor-widget-wrap\">\n\t\t\t\t\t\t\t<\/div>\n\t\t<\/div>\n\t\t\t\t<div class=\"elementor-column elementor-col-33 elementor-top-column elementor-element elementor-element-d34747f\" data-id=\"d34747f\" data-element_type=\"column\" data-e-type=\"column\">\n\t\t\t<div class=\"elementor-widget-wrap elementor-element-populated\">\n\t\t\t\t\t\t<div class=\"elementor-element elementor-element-d15469d elementor-search-form--skin-classic elementor-search-form--button-type-icon elementor-search-form--icon-search elementor-widget elementor-widget-search-form\" data-id=\"d15469d\" data-element_type=\"widget\" data-e-type=\"widget\" data-settings=\"{&quot;skin&quot;:&quot;classic&quot;}\" data-widget_type=\"search-form.default\">\n\t\t\t\t<div class=\"elementor-widget-container\">\n\t\t\t\t\t\t\t<search role=\"search\">\n\t\t\t<form class=\"elementor-search-form\" action=\"https:\/\/enrollams.org\/es\/\" method=\"get\">\n\t\t\t\t\t\t\t\t\t\t\t\t<div class=\"elementor-search-form__container\">\n\t\t\t\t\t<label class=\"elementor-screen-only\" for=\"elementor-search-form-d15469d\">Buscar<\/label>\n\n\t\t\t\t\t\n\t\t\t\t\t<input id=\"elementor-search-form-d15469d\" placeholder=\"Buscar v\u00eddeos...\" class=\"elementor-search-form__input\" type=\"search\" name=\"s\" value=\"\">\n\t\t\t\t\t<input type='hidden' name='lang' value='es' \/>\n\t\t\t\t\t\t\t\t\t\t\t<button class=\"elementor-search-form__submit\" type=\"submit\" aria-label=\"Buscar\">\n\t\t\t\t\t\t\t\t\t\t\t\t\t\t\t<i aria-hidden=\"true\" class=\"fas fa-search\"><\/i>\t\t\t\t\t\t\t\t\t\t\t\t\t<\/button>\n\t\t\t\t\t\n\t\t\t\t\t\t\t\t\t<\/div>\n\t\t\t<\/form>\n\t\t<\/search>\n\t\t\t\t\t\t<\/div>\n\t\t\t\t<\/div>\n\t\t\t\t\t<\/div>\n\t\t<\/div>\n\t\t\t\t\t<\/div>\n\t\t<\/section>\n\t\t\t\t<section data-particle_enable=\"false\" data-particle-mobile-disabled=\"false\" class=\"elementor-section elementor-top-section elementor-element elementor-element-1365d1d elementor-section-boxed elementor-section-height-default elementor-section-height-default\" data-id=\"1365d1d\" data-element_type=\"section\" data-e-type=\"section\">\n\t\t\t\t\t\t<div class=\"elementor-container elementor-column-gap-default\">\n\t\t\t\t\t<div class=\"elementor-column elementor-col-100 elementor-top-column elementor-element elementor-element-4ef272e\" data-id=\"4ef272e\" data-element_type=\"column\" data-e-type=\"column\">\n\t\t\t<div class=\"elementor-widget-wrap\">\n\t\t\t\t\t\t\t<\/div>\n\t\t<\/div>\n\t\t\t\t\t<\/div>\n\t\t<\/section>\n\t\t\t\t<section data-particle_enable=\"false\" data-particle-mobile-disabled=\"false\" class=\"elementor-section elementor-top-section elementor-element elementor-element-1714ca2 elementor-section-boxed elementor-section-height-default elementor-section-height-default\" data-id=\"1714ca2\" data-element_type=\"section\" data-e-type=\"section\">\n\t\t\t\t\t\t<div class=\"elementor-container elementor-column-gap-default\">\n\t\t\t\t\t<div class=\"elementor-column elementor-col-100 elementor-top-column elementor-element elementor-element-e2bd295\" data-id=\"e2bd295\" data-element_type=\"column\" data-e-type=\"column\">\n\t\t\t<div class=\"elementor-widget-wrap elementor-element-populated\">\n\t\t\t\t\t\t<div class=\"elementor-element elementor-element-30f9638 elementor-widget elementor-widget-eael-post-block\" data-id=\"30f9638\" data-element_type=\"widget\" data-e-type=\"widget\" data-widget_type=\"eael-post-block.default\">\n\t\t\t\t<div class=\"elementor-widget-container\">\n\t\t\t\t\t<div id=\"eael-post-block-30f9638\" class=\"eael-post-block default post-block-layout-block\">\n            <div class=\"eael-post-block-grid eael-post-appender eael-post-appender-30f9638  \"><article class=\"eael-post-block-item eael-post-block-column\">\n    <div class=\"eael-post-block-item-holder\">\n        <div class=\"eael-post-block-item-holder-inner\"><div class=\"eael-entry-media\">\n                    <div class=\"eael-entry-overlay fade-in\"><i class=\"far fa-play-circle\" aria-hidden=\"true\"><\/i><a href=\"https:\/\/enrollams.org\/es\/meet-principal-kristina-winters-of-ams-peoria-advanced\/\"\n                    \n                    >\n                    <\/a>\n                    <\/div>\n                    <div class=\"eael-entry-thumbnail \">\n                        <img decoding=\"async\" src=\"https:\/\/enrollams.org\/wp-content\/uploads\/2023\/11\/5gr3syigatk-720x720.jpg\" alt=\"\">\n                    <\/div>\n                <\/div><div class=\"eael-entry-wrapper\"><header class=\"eael-entry-header\"><h2 class=\"eael-entry-title\">\n                                    <a class=\"eael-grid-post-link\" href=\"https:\/\/enrollams.org\/es\/meet-principal-kristina-winters-of-ams-peoria-advanced\/\" title=\"Meet Principal Kristina Winters of AMS Peoria Advanced\">\n                                    Meet Principal Kristina Winters of AMS Peoria Advanced\n                                    <\/a>\n\n                                <\/h2><div class=\"eael-entry-meta\"><span class=\"eael-posted-on\"><time datetime=\"10 de noviembre de 2023\">10 de noviembre de 2023<\/time><\/span><\/div><\/header><div class=\"eael-entry-content\"><div class=\"eael-grid-post-excerpt\"><p>Welcome to AMS Peoria Advanced! Congratulations on being part of a community that is consistently recognized as one of the...<\/p><a \n                                    href=\"https:\/\/enrollams.org\/es\/meet-principal-kristina-winters-of-ams-peoria-advanced\/\" \n                                    class=\"eael-post-elements-readmore-btn\"\n                                    \n                                    >\n                                    Seguir leyendo<\/a><\/div><\/div>\n                <\/div><\/div>\n    <\/div>\n<\/article><\/div>\n\t\t<\/div>\t\t\t\t<\/div>\n\t\t\t\t<\/div>\n\t\t\t\t\t<\/div>\n\t\t<\/div>\n\t\t\t\t\t<\/div>\n\t\t<\/section>\n\t\t\t\t<section data-particle_enable=\"false\" data-particle-mobile-disabled=\"false\" class=\"elementor-section elementor-top-section elementor-element elementor-element-9861aaf elementor-section-boxed elementor-section-height-default elementor-section-height-default\" data-id=\"9861aaf\" data-element_type=\"section\" data-e-type=\"section\">\n\t\t\t\t\t\t<div class=\"elementor-container elementor-column-gap-default\">\n\t\t\t\t\t<div class=\"elementor-column elementor-col-100 elementor-top-column elementor-element elementor-element-7da5404\" data-id=\"7da5404\" data-element_type=\"column\" data-e-type=\"column\">\n\t\t\t<div class=\"elementor-widget-wrap\">\n\t\t\t\t\t\t\t<\/div>\n\t\t<\/div>\n\t\t\t\t\t<\/div>\n\t\t<\/section>\n\t\t\t\t<section data-particle_enable=\"false\" data-particle-mobile-disabled=\"false\" class=\"elementor-section elementor-top-section elementor-element elementor-element-390b6f3f elementor-section-boxed elementor-section-height-default elementor-section-height-default\" data-id=\"390b6f3f\" data-element_type=\"section\" data-e-type=\"section\">\n\t\t\t\t\t\t<div class=\"elementor-container elementor-column-gap-default\">\n\t\t\t\t\t<div class=\"elementor-column elementor-col-100 elementor-top-column elementor-element elementor-element-812631b\" data-id=\"812631b\" data-element_type=\"column\" data-e-type=\"column\">\n\t\t\t<div class=\"elementor-widget-wrap elementor-element-populated\">\n\t\t\t\t\t\t<div class=\"elementor-element elementor-element-53828128 eael-divider-center elementor-widget elementor-widget-eael-divider\" data-id=\"53828128\" data-element_type=\"widget\" data-e-type=\"widget\" data-widget_type=\"eael-divider.default\">\n\t\t\t\t<div class=\"elementor-widget-container\">\n\t\t\t\t\t\t\t<div class=\"eael-divider-wrap divider-direction-horizontal\">\n\t\t\t\t\t\t\t<div class=\"divider-text-container\">\n\t\t\t\t\t<div class=\"divider-text-wrap\">\n\t\t\t\t\t\t\t\t\t\t\t\t\t<span class=\"divider-border-wrap divider-border-left\">\n\t\t\t\t\t\t\t\t<span class=\"divider-border\"><\/span>\n\t\t\t\t\t\t\t<\/span>\n\t\t\t\t\t\t\t\t\t\t\t\t<span class=\"eael-divider-content\">\n\t\t\t\t\t\t\t\t\t\t\t\t\t\t\t<span class=\"eael-divider-image\">\n\t\t\t\t\t\t\t\t\t\t\t\t\t\t\t\t\t\t\t<img decoding=\"async\" src=\"https:\/\/www.enrollams.org\/wp-content\/uploads\/2020\/07\/AMS_Logo-shield.png\" alt=\"AMS Logo\">\n\t\t\t\t\t\t\t\t\t\t\t\t\t\t\t\t\t<\/span>\n\t\t\t\t\t\t\t\t\t\t\t\t\t<\/span>\n\t\t\t\t\t\t\t\t\t\t\t\t\t<span class=\"divider-border-wrap divider-border-right\">\n\t\t\t\t\t\t\t\t<span class=\"divider-border\"><\/span>\n\t\t\t\t\t\t\t<\/span>\n\t\t\t\t\t\t\t\t\t\t\t<\/div>\n\t\t\t\t<\/div>\n\t\t\t\t\t<\/div>\n\t\t\t\t<\/div>\n\t\t\t\t<\/div>\n\t\t\t\t<div class=\"elementor-element elementor-element-5c9fdfbd elementor-widget elementor-widget-heading\" data-id=\"5c9fdfbd\" data-element_type=\"widget\" data-e-type=\"widget\" data-widget_type=\"heading.default\">\n\t\t\t\t<div class=\"elementor-widget-container\">\n\t\t\t\t\t<h1 class=\"elementor-heading-title elementor-size-default\"><p>Descubra m\u00e1s v\u00eddeos de AMS:<\/p><\/h1>\t\t\t\t<\/div>\n\t\t\t\t<\/div>\n\t\t\t\t\t<\/div>\n\t\t<\/div>\n\t\t\t\t\t<\/div>\n\t\t<\/section>\n\t\t\t\t<section data-particle_enable=\"false\" data-particle-mobile-disabled=\"false\" class=\"elementor-section elementor-top-section elementor-element elementor-element-44e2074 elementor-section-boxed elementor-section-height-default elementor-section-height-default\" data-id=\"44e2074\" data-element_type=\"section\" data-e-type=\"section\">\n\t\t\t\t\t\t<div class=\"elementor-container elementor-column-gap-default\">\n\t\t\t\t\t<div class=\"elementor-column elementor-col-25 elementor-top-column elementor-element elementor-element-1f93e50\" data-id=\"1f93e50\" data-element_type=\"column\" data-e-type=\"column\">\n\t\t\t<div class=\"elementor-widget-wrap\">\n\t\t\t\t\t\t\t<\/div>\n\t\t<\/div>\n\t\t\t\t<div class=\"elementor-column elementor-col-50 elementor-top-column elementor-element elementor-element-5a1de00\" data-id=\"5a1de00\" data-element_type=\"column\" data-e-type=\"column\">\n\t\t\t<div class=\"elementor-widget-wrap elementor-element-populated\">\n\t\t\t\t\t\t<div class=\"elementor-element elementor-element-59f2201 elementor-widget elementor-widget-eael-post-timeline\" data-id=\"59f2201\" data-element_type=\"widget\" data-e-type=\"widget\" data-widget_type=\"eael-post-timeline.default\">\n\t\t\t\t<div class=\"elementor-widget-container\">\n\t\t\t\t\t<div id=\"eael-post-timeline-59f2201\" class=\"eael-post-timeline timeline-layout-default eael-post-timeline-arrow-\">\n            <div class=\"eael-post-timeline eael-post-appender eael-post-appender-59f2201\"><p class=\"no-posts-found\">No posts found!<\/p><\/div>\n\t\t<\/div>\t\t\t\t<\/div>\n\t\t\t\t<\/div>\n\t\t\t\t\t<\/div>\n\t\t<\/div>\n\t\t\t\t<div class=\"elementor-column elementor-col-25 elementor-top-column elementor-element elementor-element-0a4e6c9\" data-id=\"0a4e6c9\" data-element_type=\"column\" data-e-type=\"column\">\n\t\t\t<div class=\"elementor-widget-wrap\">\n\t\t\t\t\t\t\t<\/div>\n\t\t<\/div>\n\t\t\t\t\t<\/div>\n\t\t<\/section>\n\t\t\t\t<\/div>\n\t\t","protected":false},"excerpt":{"rendered":"<p class=\"excerpt\">V\u00eddeos de la AMS: AMS Flower K-8 Phoenix Charter School November 10, 2023 The Academy of Math and Science &#8211; Flower is a public charter school in Phoenix that serves grades K-8 and&#8230; Seguir leyendo Experience the Academies of Math &amp; Science Camelback campus November 10, 2023 Experience the Academies of Math &#038; Science Camelback [&hellip;]<\/p>\n","protected":false},"author":1,"featured_media":0,"parent":0,"menu_order":0,"comment_status":"closed","ping_status":"closed","template":"","meta":{"_eb_attr":"","content-type":"","footnotes":""},"class_list":["post-23275","page","type-page","status-publish","hentry"],"yoast_head":"<!-- This site is optimized with the Yoast SEO Premium plugin v26.6 (Yoast SEO v27.3) - https:\/\/yoast.com\/product\/yoast-seo-premium-wordpress\/ -->\n<title>V\u00eddeos y art\u00edculos de las Academias de Matem\u00e1ticas y Ciencias<\/title>\n<meta name=\"robots\" content=\"index, follow, max-snippet:-1, max-image-preview:large, max-video-preview:-1\" \/>\n<link rel=\"canonical\" href=\"https:\/\/enrollams.org\/es\/23275-2\/\" \/>\n<meta property=\"og:locale\" content=\"es_ES\" \/>\n<meta property=\"og:type\" content=\"article\" \/>\n<meta property=\"og:description\" content=\"V\u00eddeos de la AMS: AMS Flower K-8 Phoenix Charter School November 10, 2023 The Academy of Math and Science &#8211; Flower is a public charter school in Phoenix that serves grades K-8 and&#8230; Seguir leyendo Experience the Academies of Math &amp; Science Camelback campus November 10, 2023 Experience the Academies of Math &#038; Science Camelback [&hellip;]\" \/>\n<meta property=\"og:url\" content=\"https:\/\/enrollams.org\/es\/23275-2\/\" \/>\n<meta property=\"og:site_name\" content=\"EnrollAMS\" \/>\n<meta property=\"article:publisher\" content=\"https:\/\/www.facebook.com\/amscharterschools\" \/>\n<meta property=\"article:modified_time\" content=\"2023-11-13T17:19:50+00:00\" \/>\n<meta property=\"og:image\" content=\"https:\/\/enrollams.org\/wp-content\/uploads\/2021\/11\/Flower-Square.png\" \/>\n<meta name=\"twitter:card\" content=\"summary_large_image\" \/>\n<meta name=\"twitter:site\" content=\"@AMSSchools\" \/>\n<meta name=\"twitter:label1\" content=\"Tiempo de lectura\" \/>\n\t<meta name=\"twitter:data1\" content=\"3 minutos\" \/>\n<script type=\"application\/ld+json\" class=\"yoast-schema-graph\">{\"@context\":\"https:\\\/\\\/schema.org\",\"@graph\":[{\"@type\":\"WebPage\",\"@id\":\"https:\\\/\\\/enrollams.org\\\/es\\\/23275-2\\\/\",\"url\":\"https:\\\/\\\/enrollams.org\\\/es\\\/23275-2\\\/\",\"name\":\"V\u00eddeos y art\u00edculos de las Academias de Matem\u00e1ticas y Ciencias\",\"isPartOf\":{\"@id\":\"https:\\\/\\\/enrollams.org\\\/es\\\/#website\"},\"primaryImageOfPage\":{\"@id\":\"https:\\\/\\\/enrollams.org\\\/es\\\/23275-2\\\/#primaryimage\"},\"image\":{\"@id\":\"https:\\\/\\\/enrollams.org\\\/es\\\/23275-2\\\/#primaryimage\"},\"thumbnailUrl\":\"https:\\\/\\\/enrollams.org\\\/wp-content\\\/uploads\\\/2021\\\/11\\\/Flower-Square.png\",\"datePublished\":\"2021-12-14T19:49:31+00:00\",\"dateModified\":\"2023-11-13T17:19:50+00:00\",\"inLanguage\":\"es\",\"potentialAction\":[{\"@type\":\"ReadAction\",\"target\":[\"https:\\\/\\\/enrollams.org\\\/es\\\/23275-2\\\/\"]}]},{\"@type\":\"ImageObject\",\"inLanguage\":\"es\",\"@id\":\"https:\\\/\\\/enrollams.org\\\/es\\\/23275-2\\\/#primaryimage\",\"url\":\"https:\\\/\\\/enrollams.org\\\/wp-content\\\/uploads\\\/2021\\\/11\\\/Flower-Square.png\",\"contentUrl\":\"https:\\\/\\\/enrollams.org\\\/wp-content\\\/uploads\\\/2021\\\/11\\\/Flower-Square.png\"},{\"@type\":\"WebSite\",\"@id\":\"https:\\\/\\\/enrollams.org\\\/es\\\/#website\",\"url\":\"https:\\\/\\\/enrollams.org\\\/es\\\/\",\"name\":\"EnrollAMS\",\"description\":\"Award-winning, K-8 charter schools in Phoenix Arizona, Tucson AZ and Little Rock Arkansas. Well-rounded elementary and middle schools. \",\"publisher\":{\"@id\":\"https:\\\/\\\/enrollams.org\\\/es\\\/#organization\"},\"alternateName\":\"AMS Enroll\",\"potentialAction\":[{\"@type\":\"SearchAction\",\"target\":{\"@type\":\"EntryPoint\",\"urlTemplate\":\"https:\\\/\\\/enrollams.org\\\/es\\\/?s={search_term_string}\"},\"query-input\":{\"@type\":\"PropertyValueSpecification\",\"valueRequired\":true,\"valueName\":\"search_term_string\"}}],\"inLanguage\":\"es\"},{\"@type\":\"Organization\",\"@id\":\"https:\\\/\\\/enrollams.org\\\/es\\\/#organization\",\"name\":\"Academies of Math & Science\",\"url\":\"https:\\\/\\\/enrollams.org\\\/es\\\/\",\"logo\":{\"@type\":\"ImageObject\",\"inLanguage\":\"es\",\"@id\":\"https:\\\/\\\/enrollams.org\\\/es\\\/#\\\/schema\\\/logo\\\/image\\\/\",\"url\":\"https:\\\/\\\/enrollams.org\\\/wp-content\\\/uploads\\\/2020\\\/10\\\/Academies-of-Math-and-Science-AMS_Logo.jpg\",\"contentUrl\":\"https:\\\/\\\/enrollams.org\\\/wp-content\\\/uploads\\\/2020\\\/10\\\/Academies-of-Math-and-Science-AMS_Logo.jpg\",\"width\":900,\"height\":300,\"caption\":\"Academies of Math & Science\"},\"image\":{\"@id\":\"https:\\\/\\\/enrollams.org\\\/es\\\/#\\\/schema\\\/logo\\\/image\\\/\"},\"sameAs\":[\"https:\\\/\\\/www.facebook.com\\\/amscharterschools\",\"https:\\\/\\\/x.com\\\/AMSSchools\",\"https:\\\/\\\/www.instagram.com\\\/ams_charter_schools\\\/\",\"https:\\\/\\\/www.linkedin.com\\\/company\\\/academy-of-math-and-science\\\/\",\"https:\\\/\\\/www.youtube.com\\\/channel\\\/UCzrc6aaRtahKhqm4heolMBA\"]}]}<\/script>\n<!-- \/ Yoast SEO Premium plugin. -->","yoast_head_json":{"title":"V\u00eddeos y art\u00edculos de las Academias de Matem\u00e1ticas y Ciencias","robots":{"index":"index","follow":"follow","max-snippet":"max-snippet:-1","max-image-preview":"max-image-preview:large","max-video-preview":"max-video-preview:-1"},"canonical":"https:\/\/enrollams.org\/es\/23275-2\/","og_locale":"es_ES","og_type":"article","og_description":"V\u00eddeos de la AMS: AMS Flower K-8 Phoenix Charter School November 10, 2023 The Academy of Math and Science &#8211; Flower is a public charter school in Phoenix that serves grades K-8 and&#8230; Seguir leyendo Experience the Academies of Math &amp; Science Camelback campus November 10, 2023 Experience the Academies of Math &#038; Science Camelback [&hellip;]","og_url":"https:\/\/enrollams.org\/es\/23275-2\/","og_site_name":"EnrollAMS","article_publisher":"https:\/\/www.facebook.com\/amscharterschools","article_modified_time":"2023-11-13T17:19:50+00:00","og_image":[{"url":"https:\/\/enrollams.org\/wp-content\/uploads\/2021\/11\/Flower-Square.png","type":"","width":"","height":""}],"twitter_card":"summary_large_image","twitter_site":"@AMSSchools","twitter_misc":{"Tiempo de lectura":"3 minutos"},"schema":{"@context":"https:\/\/schema.org","@graph":[{"@type":"WebPage","@id":"https:\/\/enrollams.org\/es\/23275-2\/","url":"https:\/\/enrollams.org\/es\/23275-2\/","name":"V\u00eddeos y art\u00edculos de las Academias de Matem\u00e1ticas y Ciencias","isPartOf":{"@id":"https:\/\/enrollams.org\/es\/#website"},"primaryImageOfPage":{"@id":"https:\/\/enrollams.org\/es\/23275-2\/#primaryimage"},"image":{"@id":"https:\/\/enrollams.org\/es\/23275-2\/#primaryimage"},"thumbnailUrl":"https:\/\/enrollams.org\/wp-content\/uploads\/2021\/11\/Flower-Square.png","datePublished":"2021-12-14T19:49:31+00:00","dateModified":"2023-11-13T17:19:50+00:00","inLanguage":"es","potentialAction":[{"@type":"ReadAction","target":["https:\/\/enrollams.org\/es\/23275-2\/"]}]},{"@type":"ImageObject","inLanguage":"es","@id":"https:\/\/enrollams.org\/es\/23275-2\/#primaryimage","url":"https:\/\/enrollams.org\/wp-content\/uploads\/2021\/11\/Flower-Square.png","contentUrl":"https:\/\/enrollams.org\/wp-content\/uploads\/2021\/11\/Flower-Square.png"},{"@type":"WebSite","@id":"https:\/\/enrollams.org\/es\/#website","url":"https:\/\/enrollams.org\/es\/","name":"EnrollAMS","description":"Award-winning, K-8 charter schools in Phoenix Arizona, Tucson AZ and Little Rock Arkansas. Well-rounded elementary and middle schools. ","publisher":{"@id":"https:\/\/enrollams.org\/es\/#organization"},"alternateName":"AMS Enroll","potentialAction":[{"@type":"SearchAction","target":{"@type":"EntryPoint","urlTemplate":"https:\/\/enrollams.org\/es\/?s={search_term_string}"},"query-input":{"@type":"PropertyValueSpecification","valueRequired":true,"valueName":"search_term_string"}}],"inLanguage":"es"},{"@type":"Organization","@id":"https:\/\/enrollams.org\/es\/#organization","name":"Academies of Math & Science","url":"https:\/\/enrollams.org\/es\/","logo":{"@type":"ImageObject","inLanguage":"es","@id":"https:\/\/enrollams.org\/es\/#\/schema\/logo\/image\/","url":"https:\/\/enrollams.org\/wp-content\/uploads\/2020\/10\/Academies-of-Math-and-Science-AMS_Logo.jpg","contentUrl":"https:\/\/enrollams.org\/wp-content\/uploads\/2020\/10\/Academies-of-Math-and-Science-AMS_Logo.jpg","width":900,"height":300,"caption":"Academies of Math & Science"},"image":{"@id":"https:\/\/enrollams.org\/es\/#\/schema\/logo\/image\/"},"sameAs":["https:\/\/www.facebook.com\/amscharterschools","https:\/\/x.com\/AMSSchools","https:\/\/www.instagram.com\/ams_charter_schools\/","https:\/\/www.linkedin.com\/company\/academy-of-math-and-science\/","https:\/\/www.youtube.com\/channel\/UCzrc6aaRtahKhqm4heolMBA"]}]}},"_links":{"self":[{"href":"https:\/\/enrollams.org\/es\/wp-json\/wp\/v2\/pages\/23275","targetHints":{"allow":["GET"]}}],"collection":[{"href":"https:\/\/enrollams.org\/es\/wp-json\/wp\/v2\/pages"}],"about":[{"href":"https:\/\/enrollams.org\/es\/wp-json\/wp\/v2\/types\/page"}],"author":[{"embeddable":true,"href":"https:\/\/enrollams.org\/es\/wp-json\/wp\/v2\/users\/1"}],"replies":[{"embeddable":true,"href":"https:\/\/enrollams.org\/es\/wp-json\/wp\/v2\/comments?post=23275"}],"version-history":[{"count":0,"href":"https:\/\/enrollams.org\/es\/wp-json\/wp\/v2\/pages\/23275\/revisions"}],"wp:attachment":[{"href":"https:\/\/enrollams.org\/es\/wp-json\/wp\/v2\/media?parent=23275"}],"curies":[{"name":"wp","href":"https:\/\/api.w.org\/{rel}","templated":true}]}}