{"id":23587,"date":"2024-02-22T15:13:02","date_gmt":"2024-02-22T22:13:02","guid":{"rendered":"https:\/\/enrollams.org\/servicios-para-estudiantes-excepcionales-ess\/"},"modified":"2024-02-22T15:26:29","modified_gmt":"2024-02-22T22:26:29","slug":"servicios-para-estudiantes-excepcionales-ess","status":"publish","type":"page","link":"https:\/\/enrollams.org\/es\/servicios-para-estudiantes-excepcionales-ess\/","title":{"rendered":"Servicios para estudiantes excepcionales (ESS)"},"content":{"rendered":"\t\t<div data-elementor-type=\"wp-page\" data-elementor-id=\"23587\" class=\"elementor elementor-23587 elementor-23585\" data-elementor-post-type=\"page\">\n\t\t\t\t\t\t<section data-particle_enable=\"false\" data-particle-mobile-disabled=\"false\" class=\"elementor-section elementor-top-section elementor-element elementor-element-c2ee0c2 elementor-section-boxed elementor-section-height-default elementor-section-height-default\" data-id=\"c2ee0c2\" data-element_type=\"section\" data-e-type=\"section\">\n\t\t\t\t\t\t<div class=\"elementor-container elementor-column-gap-default\">\n\t\t\t\t\t<div class=\"elementor-column elementor-col-100 elementor-top-column elementor-element elementor-element-d84c694\" data-id=\"d84c694\" data-element_type=\"column\" data-e-type=\"column\">\n\t\t\t<div class=\"elementor-widget-wrap elementor-element-populated\">\n\t\t\t\t\t\t<div class=\"elementor-element elementor-element-6251f6b elementor-widget elementor-widget-spacer\" data-id=\"6251f6b\" data-element_type=\"widget\" data-e-type=\"widget\" data-widget_type=\"spacer.default\">\n\t\t\t\t<div class=\"elementor-widget-container\">\n\t\t\t\t\t\t\t<div class=\"elementor-spacer\">\n\t\t\t<div class=\"elementor-spacer-inner\"><\/div>\n\t\t<\/div>\n\t\t\t\t\t\t<\/div>\n\t\t\t\t<\/div>\n\t\t\t\t\t<\/div>\n\t\t<\/div>\n\t\t\t\t\t<\/div>\n\t\t<\/section>\n\t\t\t\t<section data-particle_enable=\"false\" data-particle-mobile-disabled=\"false\" class=\"elementor-section elementor-top-section elementor-element elementor-element-822cd81 elementor-section-boxed elementor-section-height-default elementor-section-height-default\" data-id=\"822cd81\" data-element_type=\"section\" data-e-type=\"section\">\n\t\t\t\t\t\t<div class=\"elementor-container elementor-column-gap-default\">\n\t\t\t\t\t<div class=\"elementor-column elementor-col-100 elementor-top-column elementor-element elementor-element-38fa041\" data-id=\"38fa041\" data-element_type=\"column\" data-e-type=\"column\">\n\t\t\t<div class=\"elementor-widget-wrap elementor-element-populated\">\n\t\t\t\t\t\t<div class=\"elementor-element elementor-element-30fa32c elementor-widget elementor-widget-heading\" data-id=\"30fa32c\" data-element_type=\"widget\" data-e-type=\"widget\" data-widget_type=\"heading.default\">\n\t\t\t\t<div class=\"elementor-widget-container\">\n\t\t\t\t\t<h2 class=\"elementor-heading-title elementor-size-default\">Servicios para estudiantes excepcionales (ESS)\n<\/h2>\t\t\t\t<\/div>\n\t\t\t\t<\/div>\n\t\t\t\t\t<\/div>\n\t\t<\/div>\n\t\t\t\t\t<\/div>\n\t\t<\/section>\n\t\t\t\t<section data-particle_enable=\"false\" data-particle-mobile-disabled=\"false\" class=\"elementor-section elementor-top-section elementor-element elementor-element-2f04596 elementor-section-boxed elementor-section-height-default elementor-section-height-default\" data-id=\"2f04596\" data-element_type=\"section\" data-e-type=\"section\">\n\t\t\t\t\t\t<div class=\"elementor-container elementor-column-gap-default\">\n\t\t\t\t\t<div class=\"elementor-column elementor-col-16 elementor-top-column elementor-element elementor-element-e134d4f\" data-id=\"e134d4f\" data-element_type=\"column\" data-e-type=\"column\">\n\t\t\t<div class=\"elementor-widget-wrap\">\n\t\t\t\t\t\t\t<\/div>\n\t\t<\/div>\n\t\t\t\t<div class=\"elementor-column elementor-col-66 elementor-top-column elementor-element elementor-element-7c7c1ec\" data-id=\"7c7c1ec\" data-element_type=\"column\" data-e-type=\"column\">\n\t\t\t<div class=\"elementor-widget-wrap elementor-element-populated\">\n\t\t\t\t\t\t<div class=\"elementor-element elementor-element-2c0c204 elementor-widget elementor-widget-text-editor\" data-id=\"2c0c204\" data-element_type=\"widget\" data-e-type=\"widget\" data-widget_type=\"text-editor.default\">\n\t\t\t\t<div class=\"elementor-widget-container\">\n\t\t\t\t\t\t\t\t\t<p>El Departamento de Servicios para Alumnos Excepcionales (ESS) ofrece una amplia gama de servicios de apoyo para proporcionar una educaci\u00f3n gratuita y adecuada a las necesidades educativas de cada alumno dentro del entorno menos restrictivo posible.<\/p>\n<p>Algunos de los servicios ESS ofrecidos en AMS incluyen, entre otros:<\/p>\n<p>Apoyo para el comportamiento: se ofrece a los alumnos que necesitan apoyo adicional en las \u00e1reas de rutinas diarias, planes de intervenci\u00f3n para el comportamiento (BIP, por sus siglas en ingl\u00e9s) y comportamiento en la tarea.<br \/>Asesoramiento psicol\u00f3gico para los becarios que necesiten apoyo emocional adicional.<br \/>Lengua y literatura inglesas: se ofrece a los alumnos que necesitan apoyo adicional en las \u00e1reas de lectura b\u00e1sica, fluidez lectora, comprensi\u00f3n lectora y expresi\u00f3n escrita.<br \/>Matem\u00e1ticas: para alumnos que necesitan apoyo adicional en c\u00e1lculo y resoluci\u00f3n de problemas matem\u00e1ticos.<br \/>Terapia ocupacional: se ofrece a los alumnos que necesitan apoyo adicional en las \u00e1reas de motricidad fina y habilidades sensoriales.<br \/>Fisioterapia: se ofrece a los alumnos que necesitan apoyo adicional en las \u00e1reas de motricidad f\u00edsica y gruesa.<br \/>Habilidades interpersonales\/sociales: se ofrece a nuestros alumnos que necesitan apoyo adicional en las \u00e1reas de interacci\u00f3n diaria con compa\u00f1eros o personal y en la transici\u00f3n a diversos entornos escolares.<br \/>Logopedia: para nuestros alumnos que necesitan apoyo adicional en las \u00e1reas de comunicaci\u00f3n.<\/p>\n<\/p>\n<p>GRASP (Programa de Responsabilidad y Apoyo para el Crecimiento) Aut\u00f3nomo<\/p>\n<p>El programa GRASP se imparte en el campus de South Mountain de la AMS. El programa est\u00e1 concebido para apoyar a los becarios que necesitan servicios de apoyo intensivos. Los becarios matriculados en el programa GRASP reciben apoyo en un aula aut\u00f3noma con una proporci\u00f3n menor de profesores por becario para garantizar que los becarios reciban los servicios necesarios que les ayuden a crecer como estudiantes individuales.<\/p>\n<\/p>\n<p>Env\u00ede un correo electr\u00f3nico a sped@amsschools.org en relaci\u00f3n con lo siguiente:<br \/>Solicitudes de registros<br \/>Remisiones a MTSS<br \/>Planes de educaci\u00f3n especial o adaptaciones 504<\/p>\n\t\t\t\t\t\t\t\t<\/div>\n\t\t\t\t<\/div>\n\t\t\t\t\t<\/div>\n\t\t<\/div>\n\t\t\t\t<div class=\"elementor-column elementor-col-16 elementor-top-column elementor-element elementor-element-23efa61\" data-id=\"23efa61\" data-element_type=\"column\" data-e-type=\"column\">\n\t\t\t<div class=\"elementor-widget-wrap\">\n\t\t\t\t\t\t\t<\/div>\n\t\t<\/div>\n\t\t\t\t\t<\/div>\n\t\t<\/section>\n\t\t\t\t<section data-particle_enable=\"false\" data-particle-mobile-disabled=\"false\" class=\"elementor-section elementor-top-section elementor-element elementor-element-697639d elementor-section-boxed elementor-section-height-default elementor-section-height-default\" data-id=\"697639d\" data-element_type=\"section\" data-e-type=\"section\">\n\t\t\t\t\t\t<div class=\"elementor-container elementor-column-gap-default\">\n\t\t\t\t\t<div class=\"elementor-column elementor-col-100 elementor-top-column elementor-element elementor-element-6c4db81\" data-id=\"6c4db81\" data-element_type=\"column\" data-e-type=\"column\">\n\t\t\t<div class=\"elementor-widget-wrap elementor-element-populated\">\n\t\t\t\t\t\t<div class=\"elementor-element elementor-element-4f9eff8 elementor-widget elementor-widget-spacer\" data-id=\"4f9eff8\" data-element_type=\"widget\" data-e-type=\"widget\" data-widget_type=\"spacer.default\">\n\t\t\t\t<div class=\"elementor-widget-container\">\n\t\t\t\t\t\t\t<div class=\"elementor-spacer\">\n\t\t\t<div class=\"elementor-spacer-inner\"><\/div>\n\t\t<\/div>\n\t\t\t\t\t\t<\/div>\n\t\t\t\t<\/div>\n\t\t\t\t\t<\/div>\n\t\t<\/div>\n\t\t\t\t\t<\/div>\n\t\t<\/section>\n\t\t\t\t<section data-particle_enable=\"false\" data-particle-mobile-disabled=\"false\" class=\"elementor-section elementor-top-section elementor-element elementor-element-b291006 elementor-section-boxed elementor-section-height-default elementor-section-height-default\" data-id=\"b291006\" data-element_type=\"section\" data-e-type=\"section\">\n\t\t\t\t\t\t<div class=\"elementor-container elementor-column-gap-default\">\n\t\t\t\t\t<div class=\"elementor-column elementor-col-16 elementor-top-column elementor-element elementor-element-0398afd\" data-id=\"0398afd\" data-element_type=\"column\" data-e-type=\"column\">\n\t\t\t<div class=\"elementor-widget-wrap\">\n\t\t\t\t\t\t\t<\/div>\n\t\t<\/div>\n\t\t\t\t<div class=\"elementor-column elementor-col-66 elementor-top-column elementor-element elementor-element-94fe6e0\" data-id=\"94fe6e0\" data-element_type=\"column\" data-e-type=\"column\">\n\t\t\t<div class=\"elementor-widget-wrap elementor-element-populated\">\n\t\t\t\t\t\t<div class=\"elementor-element elementor-element-9e2f80b elementor-widget elementor-widget-html\" data-id=\"9e2f80b\" data-element_type=\"widget\" data-e-type=\"widget\" data-widget_type=\"html.default\">\n\t\t\t\t<div class=\"elementor-widget-container\">\n\t\t\t\t\t<div class=\"placeholder-tinymce-text\">\n<table style=\"width: 79.6293%; table-layout: fixed; height: 384px;\" border=\"0\">\n<tbody>\n<tr style=\"height: 25px;\">\n<td style=\"width: 15.7065%; height: 30px;\">&nbsp;<\/td>\n<td style=\"width: 29.0886%; height: 30px;\">&nbsp;<\/td>\n<td style=\"width: 31.8062%; height: 30px;\">&nbsp;<\/td>\n<\/tr>\n<tr style=\"height: 25px;\">\n<td style=\"width: 15.7065%; height: 25px;\">Natalie Trainor<\/td>\n<td style=\"width: 29.0886%; height: 25px;\">Director de ESS:<\/td>\n<td style=\"width: 31.8062%; height: 25px;\"><a href=\"mailto:ntrainor@amssschools.org\"><span style=\"color: #3629ff;\">Correo electr\u00f3nico<\/span><\/a><\/td>\n<\/tr>\n<tr style=\"height: 25px;\">\n<td style=\"width: 15.7065%; height: 25px;\">&nbsp;<\/td>\n<td style=\"width: 29.0886%; height: 25px;\">&nbsp;<\/td>\n<td style=\"width: 31.8062%; height: 25px;\">&nbsp;<\/td>\n<\/tr>\n<tr style=\"height: 25px;\">\n<td style=\"width: 15.7065%; height: 25px;\">Janaya McCoy<\/td>\n<td style=\"width: 29.0886%; height: 25px;\">Director comercial<\/td>\n<td style=\"width: 31.8062%; height: 25px;\"><a href=\"mailto:jmccoy@amsschools.org\"><span style=\"color: #3629ff;\">Correo electr\u00f3nico<\/span><\/a><\/td>\n<\/tr>\n<tr style=\"height: 25px;\">\n<td style=\"width: 15.7065%; height: 25px;\"><span class=\"collab-selectable-content-wrapper\" data-test-desctext=\"\" data-test-selectablecontent=\"\">&nbsp;<\/span><\/td>\n<td style=\"width: 29.0886%; height: 25px;\"><span class=\"collab-selectable-content-wrapper\" data-test-desctext=\"\" data-test-selectablecontent=\"\">&nbsp;<\/span><\/td>\n<td style=\"width: 31.8062%; height: 25px;\"><span style=\"color: #3629ff;\">&nbsp;<\/span><\/td>\n<\/tr>\n<tr style=\"height: 25px;\">\n<td style=\"width: 15.7065%; height: 25px;\"><span class=\"collab-selectable-content-wrapper\" data-test-desctext=\"\" data-test-selectablecontent=\"\">Nicole Horta<\/span><\/td>\n<td style=\"width: 29.0886%; height: 25px;\"><span class=\"collab-selectable-content-wrapper\" data-test-desctext=\"\" data-test-selectablecontent=\"\">Subdirector ESS<\/span><\/td>\n<td style=\"width: 31.8062%; height: 25px;\"><a href=\"mailto:nhorta@amsschools.org\"><span style=\"color: #3629ff;\">Correo electr\u00f3nico<\/span><\/a><\/td>\n<\/tr>\n<tr style=\"height: 25px;\">\n<td style=\"width: 15.7065%; height: 25px;\">&nbsp;<\/td>\n<td style=\"width: 29.0886%; height: 25px;\">&nbsp;<\/td>\n<td style=\"width: 31.8062%; height: 25px;\">&nbsp;<\/td>\n<\/tr>\n<tr style=\"height: 25px;\">\n<td style=\"width: 15.7065%; height: 25px;\">Phil Meilahn<\/td>\n<td style=\"width: 29.0886%; height: 25px;\">Coordinador regional del SEE<br>(<em>\n  <span class=\"collab-selectable-content-wrapper\" data-test-desctext=\"\" data-test-selectablecontent=\"\">Glendale, Desert Sky<\/span>\n<\/em>)<\/td>\n<td style=\"width: 31.8062%; height: 25px;\"><a href=\"mailto:pmeilahn@amsschools.org\"><span style=\"color: #3629ff;\">Correo electr\u00f3nico<\/span><\/a><\/td>\n<\/tr>\n<tr style=\"height: 25px;\">\n<td style=\"width: 15.7065%; height: 25px;\">&nbsp;<\/td>\n<td style=\"width: 29.0886%; height: 25px;\">&nbsp;<\/td>\n<td style=\"width: 31.8062%; height: 25px;\">&nbsp;<\/td>\n<\/tr>\n<tr style=\"height: 25px;\">\n<td style=\"width: 15.7065%; height: 25px;\">Atlas Attanasio<\/td>\n<td style=\"width: 29.0886%; height: 25px;\">Coordinador regional del SEE<br><span class=\"collab-selectable-content-wrapper\" data-test-desctext=\"\" data-test-selectablecontent=\"\"><em>(Camelback, South Mountain, Flower, Peoria<\/em>)<\/span><\/td>\n<td style=\"width: 31.8062%; height: 25px;\"><a href=\"mailto:aattanasio@amssouthmountain.org\"><span style=\"color: #3629ff;\">Correo electr\u00f3nico<\/span><\/a><\/td>\n<\/tr>\n<tr style=\"height: 25px;\">\n<td style=\"width: 15.7065%; height: 25px;\">&nbsp;<\/td>\n<td style=\"width: 29.0886%; height: 25px;\">&nbsp;<\/td>\n<td style=\"width: 31.8062%; height: 25px;\">&nbsp;<\/td>\n<\/tr>\n<tr style=\"height: 44px;\">\n<td style=\"width: 15.7065%; height: 44px;\">Clyde Grace<\/td>\n<td style=\"width: 29.0886%; height: 44px;\">Coordinador regional del SEE<br><em>(MASSA, Prince, Avondale<\/em>)<\/td>\n<td style=\"width: 31.8062%; height: 44px;\"><a href=\"mailto:cgrace@amsschools.org\"><span style=\"color: #3629ff;\">Correo electr\u00f3nico<\/span><\/a><\/td>\n<\/tr>\n<tr style=\"height: 25px;\">\n<td style=\"width: 15.7065%; height: 30px;\">&nbsp;<\/td>\n<td style=\"width: 29.0886%; height: 30px;\">&nbsp;<\/td>\n<td style=\"width: 31.8062%; height: 30px;\">&nbsp;<\/td>\n<\/tr>\n<tr style=\"height: 25px;\">\n<td style=\"width: 15.7065%; height: 30px;\">&nbsp;<\/td>\n<td style=\"width: 29.0886%; height: 30px;\">&nbsp;<\/td>\n<td style=\"width: 31.8062%; height: 30px;\">&nbsp;<\/td>\n<\/tr>\n<\/tbody>\n<\/table>\n<\/div>\t\t\t\t<\/div>\n\t\t\t\t<\/div>\n\t\t\t\t\t<\/div>\n\t\t<\/div>\n\t\t\t\t<div class=\"elementor-column elementor-col-16 elementor-top-column elementor-element elementor-element-91034fe\" data-id=\"91034fe\" data-element_type=\"column\" data-e-type=\"column\">\n\t\t\t<div class=\"elementor-widget-wrap\">\n\t\t\t\t\t\t\t<\/div>\n\t\t<\/div>\n\t\t\t\t\t<\/div>\n\t\t<\/section>\n\t\t\t\t<\/div>\n\t\t","protected":false},"excerpt":{"rendered":"<p class=\"excerpt\">Servicios para estudiantes excepcionales (ESS) El Departamento de Servicios para Alumnos Excepcionales (ESS) ofrece una amplia gama de servicios de apoyo para proporcionar una educaci\u00f3n gratuita y adecuada a las necesidades educativas de cada alumno dentro del entorno menos restrictivo posible. Algunos de los servicios ESS ofrecidos en AMS incluyen, entre otros: Apoyo para el [&hellip;]<\/p>\n","protected":false},"author":1,"featured_media":23401,"parent":0,"menu_order":0,"comment_status":"closed","ping_status":"closed","template":"template-blank.php","meta":{"_eb_attr":"","content-type":"","footnotes":""},"class_list":["post-23587","page","type-page","status-publish","has-post-thumbnail","hentry"],"yoast_head":"<!-- This site is optimized with the Yoast SEO Premium plugin v26.6 (Yoast SEO v27.4) - https:\/\/yoast.com\/product\/yoast-seo-premium-wordpress\/ -->\n<title>Servicios para estudiantes excepcionales (ESS) - EnrollAMS<\/title>\n<meta name=\"robots\" content=\"index, follow, max-snippet:-1, max-image-preview:large, max-video-preview:-1\" \/>\n<link rel=\"canonical\" href=\"https:\/\/enrollams.org\/es\/servicios-para-estudiantes-excepcionales-ess\/\" \/>\n<meta property=\"og:locale\" content=\"es_ES\" \/>\n<meta property=\"og:type\" content=\"article\" \/>\n<meta property=\"og:title\" content=\"Servicios para estudiantes excepcionales (ESS)\" \/>\n<meta property=\"og:description\" content=\"Servicios para estudiantes excepcionales (ESS) El Departamento de Servicios para Alumnos Excepcionales (ESS) ofrece una amplia gama de servicios de apoyo para proporcionar una educaci\u00f3n gratuita y adecuada a las necesidades educativas de cada alumno dentro del entorno menos restrictivo posible. Algunos de los servicios ESS ofrecidos en AMS incluyen, entre otros: Apoyo para el [&hellip;]\" \/>\n<meta property=\"og:url\" content=\"https:\/\/enrollams.org\/es\/servicios-para-estudiantes-excepcionales-ess\/\" \/>\n<meta property=\"og:site_name\" content=\"EnrollAMS\" \/>\n<meta property=\"article:publisher\" content=\"https:\/\/www.facebook.com\/amscharterschools\" \/>\n<meta property=\"article:modified_time\" content=\"2024-02-22T22:26:29+00:00\" \/>\n<meta property=\"og:image\" content=\"https:\/\/enrollams.org\/wp-content\/uploads\/2023\/12\/image009_Lily.jpg\" \/>\n\t<meta property=\"og:image:width\" content=\"448\" \/>\n\t<meta property=\"og:image:height\" content=\"600\" \/>\n\t<meta property=\"og:image:type\" content=\"image\/jpeg\" \/>\n<meta name=\"twitter:card\" content=\"summary_large_image\" \/>\n<meta name=\"twitter:site\" content=\"@AMSSchools\" \/>\n<meta name=\"twitter:label1\" content=\"Tiempo de lectura\" \/>\n\t<meta name=\"twitter:data1\" content=\"2 minutos\" \/>\n<script type=\"application\/ld+json\" class=\"yoast-schema-graph\">{\"@context\":\"https:\\\/\\\/schema.org\",\"@graph\":[{\"@type\":\"WebPage\",\"@id\":\"https:\\\/\\\/enrollams.org\\\/es\\\/servicios-para-estudiantes-excepcionales-ess\\\/\",\"url\":\"https:\\\/\\\/enrollams.org\\\/es\\\/servicios-para-estudiantes-excepcionales-ess\\\/\",\"name\":\"Servicios para estudiantes excepcionales (ESS) - EnrollAMS\",\"isPartOf\":{\"@id\":\"https:\\\/\\\/enrollams.org\\\/es\\\/#website\"},\"primaryImageOfPage\":{\"@id\":\"https:\\\/\\\/enrollams.org\\\/es\\\/servicios-para-estudiantes-excepcionales-ess\\\/#primaryimage\"},\"image\":{\"@id\":\"https:\\\/\\\/enrollams.org\\\/es\\\/servicios-para-estudiantes-excepcionales-ess\\\/#primaryimage\"},\"thumbnailUrl\":\"https:\\\/\\\/enrollams.org\\\/wp-content\\\/uploads\\\/2023\\\/12\\\/image009_Lily.jpg\",\"datePublished\":\"2024-02-22T22:13:02+00:00\",\"dateModified\":\"2024-02-22T22:26:29+00:00\",\"breadcrumb\":{\"@id\":\"https:\\\/\\\/enrollams.org\\\/es\\\/servicios-para-estudiantes-excepcionales-ess\\\/#breadcrumb\"},\"inLanguage\":\"es\",\"potentialAction\":[{\"@type\":\"ReadAction\",\"target\":[\"https:\\\/\\\/enrollams.org\\\/es\\\/servicios-para-estudiantes-excepcionales-ess\\\/\"]}]},{\"@type\":\"ImageObject\",\"inLanguage\":\"es\",\"@id\":\"https:\\\/\\\/enrollams.org\\\/es\\\/servicios-para-estudiantes-excepcionales-ess\\\/#primaryimage\",\"url\":\"https:\\\/\\\/enrollams.org\\\/wp-content\\\/uploads\\\/2023\\\/12\\\/image009_Lily.jpg\",\"contentUrl\":\"https:\\\/\\\/enrollams.org\\\/wp-content\\\/uploads\\\/2023\\\/12\\\/image009_Lily.jpg\",\"width\":448,\"height\":600},{\"@type\":\"BreadcrumbList\",\"@id\":\"https:\\\/\\\/enrollams.org\\\/es\\\/servicios-para-estudiantes-excepcionales-ess\\\/#breadcrumb\",\"itemListElement\":[{\"@type\":\"ListItem\",\"position\":1,\"name\":\"Home\",\"item\":\"https:\\\/\\\/enrollams.org\\\/es\\\/\"},{\"@type\":\"ListItem\",\"position\":2,\"name\":\"Servicios para estudiantes excepcionales (ESS)\"}]},{\"@type\":\"WebSite\",\"@id\":\"https:\\\/\\\/enrollams.org\\\/es\\\/#website\",\"url\":\"https:\\\/\\\/enrollams.org\\\/es\\\/\",\"name\":\"EnrollAMS\",\"description\":\"Award-winning, K-8 charter schools in Phoenix Arizona, Tucson AZ and Little Rock Arkansas. Well-rounded elementary and middle schools. \",\"publisher\":{\"@id\":\"https:\\\/\\\/enrollams.org\\\/es\\\/#organization\"},\"alternateName\":\"AMS Enroll\",\"potentialAction\":[{\"@type\":\"SearchAction\",\"target\":{\"@type\":\"EntryPoint\",\"urlTemplate\":\"https:\\\/\\\/enrollams.org\\\/es\\\/?s={search_term_string}\"},\"query-input\":{\"@type\":\"PropertyValueSpecification\",\"valueRequired\":true,\"valueName\":\"search_term_string\"}}],\"inLanguage\":\"es\"},{\"@type\":\"Organization\",\"@id\":\"https:\\\/\\\/enrollams.org\\\/es\\\/#organization\",\"name\":\"Academies of Math & Science\",\"url\":\"https:\\\/\\\/enrollams.org\\\/es\\\/\",\"logo\":{\"@type\":\"ImageObject\",\"inLanguage\":\"es\",\"@id\":\"https:\\\/\\\/enrollams.org\\\/es\\\/#\\\/schema\\\/logo\\\/image\\\/\",\"url\":\"https:\\\/\\\/enrollams.org\\\/wp-content\\\/uploads\\\/2020\\\/10\\\/Academies-of-Math-and-Science-AMS_Logo.jpg\",\"contentUrl\":\"https:\\\/\\\/enrollams.org\\\/wp-content\\\/uploads\\\/2020\\\/10\\\/Academies-of-Math-and-Science-AMS_Logo.jpg\",\"width\":900,\"height\":300,\"caption\":\"Academies of Math & Science\"},\"image\":{\"@id\":\"https:\\\/\\\/enrollams.org\\\/es\\\/#\\\/schema\\\/logo\\\/image\\\/\"},\"sameAs\":[\"https:\\\/\\\/www.facebook.com\\\/amscharterschools\",\"https:\\\/\\\/x.com\\\/AMSSchools\",\"https:\\\/\\\/www.instagram.com\\\/ams_charter_schools\\\/\",\"https:\\\/\\\/www.linkedin.com\\\/company\\\/academy-of-math-and-science\\\/\",\"https:\\\/\\\/www.youtube.com\\\/channel\\\/UCzrc6aaRtahKhqm4heolMBA\"]}]}<\/script>\n<!-- \/ Yoast SEO Premium plugin. -->","yoast_head_json":{"title":"Servicios para estudiantes excepcionales (ESS) - EnrollAMS","robots":{"index":"index","follow":"follow","max-snippet":"max-snippet:-1","max-image-preview":"max-image-preview:large","max-video-preview":"max-video-preview:-1"},"canonical":"https:\/\/enrollams.org\/es\/servicios-para-estudiantes-excepcionales-ess\/","og_locale":"es_ES","og_type":"article","og_title":"Servicios para estudiantes excepcionales (ESS)","og_description":"Servicios para estudiantes excepcionales (ESS) El Departamento de Servicios para Alumnos Excepcionales (ESS) ofrece una amplia gama de servicios de apoyo para proporcionar una educaci\u00f3n gratuita y adecuada a las necesidades educativas de cada alumno dentro del entorno menos restrictivo posible. Algunos de los servicios ESS ofrecidos en AMS incluyen, entre otros: Apoyo para el [&hellip;]","og_url":"https:\/\/enrollams.org\/es\/servicios-para-estudiantes-excepcionales-ess\/","og_site_name":"EnrollAMS","article_publisher":"https:\/\/www.facebook.com\/amscharterschools","article_modified_time":"2024-02-22T22:26:29+00:00","og_image":[{"width":448,"height":600,"url":"https:\/\/enrollams.org\/wp-content\/uploads\/2023\/12\/image009_Lily.jpg","type":"image\/jpeg"}],"twitter_card":"summary_large_image","twitter_site":"@AMSSchools","twitter_misc":{"Tiempo de lectura":"2 minutos"},"schema":{"@context":"https:\/\/schema.org","@graph":[{"@type":"WebPage","@id":"https:\/\/enrollams.org\/es\/servicios-para-estudiantes-excepcionales-ess\/","url":"https:\/\/enrollams.org\/es\/servicios-para-estudiantes-excepcionales-ess\/","name":"Servicios para estudiantes excepcionales (ESS) - EnrollAMS","isPartOf":{"@id":"https:\/\/enrollams.org\/es\/#website"},"primaryImageOfPage":{"@id":"https:\/\/enrollams.org\/es\/servicios-para-estudiantes-excepcionales-ess\/#primaryimage"},"image":{"@id":"https:\/\/enrollams.org\/es\/servicios-para-estudiantes-excepcionales-ess\/#primaryimage"},"thumbnailUrl":"https:\/\/enrollams.org\/wp-content\/uploads\/2023\/12\/image009_Lily.jpg","datePublished":"2024-02-22T22:13:02+00:00","dateModified":"2024-02-22T22:26:29+00:00","breadcrumb":{"@id":"https:\/\/enrollams.org\/es\/servicios-para-estudiantes-excepcionales-ess\/#breadcrumb"},"inLanguage":"es","potentialAction":[{"@type":"ReadAction","target":["https:\/\/enrollams.org\/es\/servicios-para-estudiantes-excepcionales-ess\/"]}]},{"@type":"ImageObject","inLanguage":"es","@id":"https:\/\/enrollams.org\/es\/servicios-para-estudiantes-excepcionales-ess\/#primaryimage","url":"https:\/\/enrollams.org\/wp-content\/uploads\/2023\/12\/image009_Lily.jpg","contentUrl":"https:\/\/enrollams.org\/wp-content\/uploads\/2023\/12\/image009_Lily.jpg","width":448,"height":600},{"@type":"BreadcrumbList","@id":"https:\/\/enrollams.org\/es\/servicios-para-estudiantes-excepcionales-ess\/#breadcrumb","itemListElement":[{"@type":"ListItem","position":1,"name":"Home","item":"https:\/\/enrollams.org\/es\/"},{"@type":"ListItem","position":2,"name":"Servicios para estudiantes excepcionales (ESS)"}]},{"@type":"WebSite","@id":"https:\/\/enrollams.org\/es\/#website","url":"https:\/\/enrollams.org\/es\/","name":"EnrollAMS","description":"Award-winning, K-8 charter schools in Phoenix Arizona, Tucson AZ and Little Rock Arkansas. Well-rounded elementary and middle schools. ","publisher":{"@id":"https:\/\/enrollams.org\/es\/#organization"},"alternateName":"AMS Enroll","potentialAction":[{"@type":"SearchAction","target":{"@type":"EntryPoint","urlTemplate":"https:\/\/enrollams.org\/es\/?s={search_term_string}"},"query-input":{"@type":"PropertyValueSpecification","valueRequired":true,"valueName":"search_term_string"}}],"inLanguage":"es"},{"@type":"Organization","@id":"https:\/\/enrollams.org\/es\/#organization","name":"Academies of Math & Science","url":"https:\/\/enrollams.org\/es\/","logo":{"@type":"ImageObject","inLanguage":"es","@id":"https:\/\/enrollams.org\/es\/#\/schema\/logo\/image\/","url":"https:\/\/enrollams.org\/wp-content\/uploads\/2020\/10\/Academies-of-Math-and-Science-AMS_Logo.jpg","contentUrl":"https:\/\/enrollams.org\/wp-content\/uploads\/2020\/10\/Academies-of-Math-and-Science-AMS_Logo.jpg","width":900,"height":300,"caption":"Academies of Math & Science"},"image":{"@id":"https:\/\/enrollams.org\/es\/#\/schema\/logo\/image\/"},"sameAs":["https:\/\/www.facebook.com\/amscharterschools","https:\/\/x.com\/AMSSchools","https:\/\/www.instagram.com\/ams_charter_schools\/","https:\/\/www.linkedin.com\/company\/academy-of-math-and-science\/","https:\/\/www.youtube.com\/channel\/UCzrc6aaRtahKhqm4heolMBA"]}]}},"_links":{"self":[{"href":"https:\/\/enrollams.org\/es\/wp-json\/wp\/v2\/pages\/23587","targetHints":{"allow":["GET"]}}],"collection":[{"href":"https:\/\/enrollams.org\/es\/wp-json\/wp\/v2\/pages"}],"about":[{"href":"https:\/\/enrollams.org\/es\/wp-json\/wp\/v2\/types\/page"}],"author":[{"embeddable":true,"href":"https:\/\/enrollams.org\/es\/wp-json\/wp\/v2\/users\/1"}],"replies":[{"embeddable":true,"href":"https:\/\/enrollams.org\/es\/wp-json\/wp\/v2\/comments?post=23587"}],"version-history":[{"count":0,"href":"https:\/\/enrollams.org\/es\/wp-json\/wp\/v2\/pages\/23587\/revisions"}],"wp:featuredmedia":[{"embeddable":true,"href":"https:\/\/enrollams.org\/es\/wp-json\/wp\/v2\/media\/23401"}],"wp:attachment":[{"href":"https:\/\/enrollams.org\/es\/wp-json\/wp\/v2\/media?parent=23587"}],"curies":[{"name":"wp","href":"https:\/\/api.w.org\/{rel}","templated":true}]}}